{"id":326,"date":"2023-02-20T07:57:40","date_gmt":"2023-02-20T07:57:40","guid":{"rendered":"https:\/\/samasinc.com\/?page_id=326"},"modified":"2025-10-05T14:19:31","modified_gmt":"2025-10-05T14:19:31","slug":"%d9%85%d8%ac%d8%a7%d9%84%d8%a7%d8%aa-%d9%86%d8%b4%d8%a7%d8%b7%d9%86%d8%a7","status":"publish","type":"page","link":"https:\/\/samasinc.com\/ar\/%d9%85%d8%ac%d8%a7%d9%84%d8%a7%d8%aa-%d9%86%d8%b4%d8%a7%d8%b7%d9%86%d8%a7\/","title":{"rendered":"\u0645\u062c\u0627\u0644\u0627\u062a \u0627\u0644\u0646\u0634\u0627\u0637"},"content":{"rendered":"<div data-colibri-id=\"326-c1\" class=\"style-753 style-local-326-c1 position-relative\">\n  <!---->\n  <div data-colibri-component=\"section\" data-colibri-id=\"326-c2\" id=\"content\" class=\"h-section h-section-global-spacing d-flex align-items-lg-center align-items-md-center align-items-center style-758 style-local-326-c2 position-relative\">\n    <!---->\n    <!---->\n    <div class=\"h-section-grid-container h-section-boxed-container\">\n      <div data-colibri-id=\"326-c5\" class=\"h-row-container gutters-row-lg-2 gutters-row-md-2 gutters-row-2 gutters-row-v-lg-2 gutters-row-v-md-2 gutters-row-v-2 style-762 style-local-326-c5 position-relative\">\n        <!---->\n        <div class=\"h-row justify-content-lg-center justify-content-md-center justify-content-center align-items-lg-stretch align-items-md-stretch align-items-stretch gutters-col-lg-2 gutters-col-md-2 gutters-col-2 gutters-col-v-lg-2 gutters-col-v-md-2 gutters-col-v-2\">\n          <!---->\n          <div class=\"h-column h-column-container d-flex h-col-lg-auto h-col-md-auto h-col-auto style-763-outer style-local-326-c6-outer\">\n            <div data-colibri-id=\"326-c6\" class=\"d-flex h-flex-basis h-column__inner h-ui-empty-state-container h-px-lg-2 h-px-md-2 h-px-0 v-inner-lg-2 v-inner-md-2 v-inner-0 style-763 style-local-326-c6 position-relative\">\n              <!---->\n              <!---->\n              <div class=\"w-100 h-y-container h-column__content h-column__v-align flex-basis-100\">\n                <!---->\n              <\/div>\n            <\/div>\n          <\/div>\n        <\/div>\n      <\/div>\n      <div data-colibri-id=\"326-c3\" class=\"h-row-container gutters-row-lg-2 gutters-row-md-2 gutters-row-2 gutters-row-v-lg-2 gutters-row-v-md-2 gutters-row-v-2 style-759 style-local-326-c3 position-relative\">\n        <!---->\n        <div class=\"h-row justify-content-lg-center justify-content-md-center justify-content-center align-items-lg-stretch align-items-md-stretch align-items-stretch gutters-col-lg-2 gutters-col-md-2 gutters-col-2 gutters-col-v-lg-2 gutters-col-v-md-2 gutters-col-v-2\">\n          <!---->\n          <div class=\"h-column h-column-container d-flex h-col-lg-auto h-col-md-auto h-col-auto style-760-outer style-local-326-c4-outer\">\n            <div data-colibri-id=\"326-c4\" class=\"d-flex h-flex-basis h-column__inner h-ui-empty-state-container h-px-lg-0 h-px-md-0 h-px-0 v-inner-lg-0 v-inner-md-0 v-inner-0 style-760 style-local-326-c4 position-relative\">\n              <!---->\n              <!---->\n              <div class=\"w-100 h-y-container h-column__content h-column__v-align flex-basis-100\">\n                <!---->\n              <\/div>\n            <\/div>\n          <\/div>\n        <\/div>\n      <\/div>\n    <\/div>\n  <\/div>\n  <div data-colibri-component=\"section\" data-colibri-id=\"326-c12\" id=\"about\" class=\"h-section h-section-global-spacing d-flex align-items-lg-center align-items-md-center align-items-center style-799 style-local-326-c12 position-relative\">\n    <!---->\n    <!---->\n    <div class=\"h-section-grid-container h-section-boxed-container\">\n      <div data-colibri-id=\"326-c17\" class=\"h-row-container gutters-row-lg-2 gutters-row-md-2 gutters-row-2 gutters-row-v-lg-2 gutters-row-v-md-2 gutters-row-v-2 style-804 style-local-326-c17 position-relative\">\n        <!---->\n        <div class=\"h-row justify-content-lg-center justify-content-md-center justify-content-center align-items-lg-stretch align-items-md-stretch align-items-stretch gutters-col-lg-2 gutters-col-md-2 gutters-col-2 gutters-col-v-lg-2 gutters-col-v-md-2 gutters-col-v-2\">\n          <!---->\n          <div class=\"h-column h-column-container d-flex h-col-lg-auto h-col-md-auto h-col-auto style-805-outer style-local-326-c18-outer\">\n            <div data-colibri-id=\"326-c18\" class=\"d-flex h-flex-basis h-column__inner h-px-lg-2 h-px-md-2 h-px-2 v-inner-lg-2 v-inner-md-2 v-inner-2 style-805 style-local-326-c18 position-relative\">\n              <!---->\n              <!---->\n              <div class=\"w-100 h-y-container h-column__content h-column__v-align flex-basis-100 align-self-lg-start align-self-md-start align-self-start\">\n                <!---->\n                <div data-colibri-id=\"326-c19\" class=\"h-global-transition-all h-heading style-806 style-local-326-c19 position-relative h-element\">\n                  <!---->\n                  <div class=\"h-heading__outer style-806 style-local-326-c19\">\n                    <!---->\n                    <!---->\n                    <h5 class=\"\">Samas \u0634\u0631\u0643\u0629 \u0645\u0633\u0627\u0647\u0645\u0629 \u0644\u0644\u0645\u0646\u062a\u062c\u0627\u062a \u0627\u0644\u0635\u0646\u0627\u0639\u064a\u0629 \u0644\u0644\u062a\u062c\u0627\u0631\u0629 \u0627\u0644\u062f\u0627\u062e\u0644\u064a\u0629 \u0648\u0627\u0644\u062e\u0627\u0631\u062c\u064a\u0629<\/h5>\n                  <\/div>\n                <\/div>\n                <div data-colibri-id=\"326-c20\" class=\"h-global-transition-all h-heading style-807 style-local-326-c20 position-relative h-element\">\n                  <!---->\n                  <div class=\"h-heading__outer style-807 style-local-326-c20\">\n                    <!---->\n                    <!---->\n                    <h2 class=\"\">\u0645\u062c\u0627\u0644\u0627\u062a \u0646\u0634\u0627\u0637\u0646\u0627\u061b<\/h2>\n                  <\/div>\n                <\/div>\n                <div data-colibri-id=\"326-c21\" class=\"h-lead h-text h-text-component style-808 style-local-326-c21 position-relative h-element\">\n                  <!---->\n                  <!---->\n                  <div class=\"\">\n                    <p>\u062a\u0648\u0627\u0635\u0644 \u0634\u0631\u0643\u062a\u0646\u0627 \u0639\u0645\u0644\u064a\u0627\u062a \u0627\u0644\u0627\u0633\u062a\u064a\u0631\u0627\u062f \u0648\u0627\u0644\u062a\u0635\u062f\u064a\u0631 \u0641\u064a \u0623\u0643\u062b\u0631 \u0645\u0646 \u0642\u0637\u0627\u0639\u060c \u0633\u0648\u0627\u0621 \u0645\u0646 \u062e\u0644\u0627\u0644 \u062a\u0642\u062f\u064a\u0645 \u0627\u0644\u0627\u0633\u062a\u0634\u0627\u0631\u0627\u062a \u0623\u0648 \u062a\u0646\u0641\u064a\u0630\u0647\u0627 \u0636\u0645\u0646 \u0647\u064a\u0643\u0644\u0647\u0627 \u0627\u0644\u062e\u0627\u0635.\n                      <br>\n                      <br>\u062a\u0634\u0645\u0644 \u0642\u0637\u0627\u0639\u0627\u062a\u0646\u0627 \u0627\u0644\u0646\u0634\u0637\u0629 \u0627\u0644\u0641\u0648\u0644\u0627\u0630 \u0627\u0644\u0645\u0642\u0627\u0648\u0645 \u0644\u0644\u0635\u062f\u0623 \u0648\u0627\u0644\u062d\u0628\u0627\u0644 \u0627\u0644\u0641\u0648\u0644\u0627\u0630\u064a\u0629 \u0648\u0627\u0644\u0645\u0646\u0633\u0648\u062c\u0627\u062a \u0644\u0635\u0646\u0627\u0639\u0629 \u0627\u0644\u062f\u0641\u0627\u0639 \u0648\u0627\u0644\u0647\u0646\u062f\u0633\u0629 \u0627\u0644\u0645\u0639\u0645\u0627\u0631\u064a\u0629.\n                      <br>\n                      <br>\u0644\u0645\u0632\u064a\u062f \u0645\u0646 \u0627\u0644\u0645\u0639\u0644\u0648\u0645\u0627\u062a \u0627\u0644\u062a\u0641\u0635\u064a\u0644\u064a\u0629\u060c \u064a\u0645\u0643\u0646\u0643 \u0641\u062a\u062d \u0635\u0641\u062d\u0629 \u0627\u0644\u0642\u0637\u0627\u0639 \u0627\u0644\u0630\u064a \u062a\u0647\u062a\u0645 \u0628\u0647 \u0645\u0646 \u0627\u0644\u0642\u0627\u0626\u0645\u0629 \u0627\u0644\u0645\u0646\u0633\u062f\u0644\u0629 \u0641\u064a \u0642\u0633\u0645 \u062d\u0642\u0648\u0644 \u0627\u0644\u0646\u0634\u0627\u0637 \u0641\u064a \u0627\u0644\u0642\u0627\u0626\u0645\u0629 \u0627\u0644\u0639\u0644\u0648\u064a\u0629.<\/p>\n                  <\/div>\n                <\/div>\n                <div data-colibri-id=\"326-c22\" class=\"h-x-container style-809 style-local-326-c22 position-relative h-element\">\n                  <!---->\n                  <div class=\"h-x-container-inner style-dynamic-326-c22-group style-809-spacing style-local-326-c22-spacing\"><span class=\"h-button__outer style-810-outer style-local-326-c23-outer d-inline-flex h-element\"><a h-use-smooth-scroll=\"true\" href=\"https:\/\/samasinc.com\/ar\/%d8%a7%d8%aa%d8%b5%d9%84-%d8%a8%d9%86%d8%a7\/\"  data-colibri-id=\"326-c23\" class=\"d-flex w-100 align-items-center h-button justify-content-lg-center justify-content-md-center justify-content-center style-810 style-local-326-c23 position-relative\"><!----><!----> <span>\u0627\u062a\u0635\u0644 \u0628\u0646\u0627!<\/span><\/a>\n                    <\/span>\n                  <\/div>\n                <\/div>\n              <\/div>\n            <\/div>\n          <\/div>\n        <\/div>\n      <\/div>\n      <div data-colibri-id=\"326-c13\" class=\"h-row-container gutters-row-lg-0 gutters-row-md-0 gutters-row-0 gutters-row-v-lg-0 gutters-row-v-md-0 gutters-row-v-0 style-800 style-local-326-c13 h-overflow-hidden position-relative\">\n        <!---->\n        <div class=\"h-row justify-content-lg-center justify-content-md-center justify-content-center align-items-lg-end align-items-md-end align-items-end gutters-col-lg-0 gutters-col-md-0 gutters-col-0 gutters-col-v-lg-0 gutters-col-v-md-0 gutters-col-v-0\">\n          <!---->\n          <div class=\"h-column h-column-container d-flex h-col-lg-auto h-col-md-auto h-col-auto align-self-lg-end align-self-md-end align-self-end style-801-outer style-local-326-c14-outer\">\n            <div data-colibri-id=\"326-c14\" class=\"d-flex h-flex-basis h-column__inner h-ui-empty-state-container h-px-lg-0 h-px-md-0 h-px-0 v-inner-lg-0 v-inner-md-0 v-inner-0 style-801 style-local-326-c14 position-relative\">\n              <!---->\n              <!---->\n              <div class=\"w-100 h-y-container h-column__content h-column__v-align flex-basis-100\">\n                <!---->\n              <\/div>\n            <\/div>\n          <\/div>\n          <div class=\"h-column h-column-container d-flex h-col-lg-auto h-col-md-auto h-col-auto align-self-lg-end align-self-md-end align-self-end style-802-outer style-local-326-c15-outer\">\n            <div data-colibri-id=\"326-c15\" class=\"d-flex h-flex-basis h-column__inner h-ui-empty-state-container h-px-lg-0 h-px-md-0 h-px-0 v-inner-lg-0 v-inner-md-0 v-inner-0 style-802 style-local-326-c15 position-relative\">\n              <!---->\n              <!---->\n              <div class=\"w-100 h-y-container h-column__content h-column__v-align flex-basis-100\">\n                <!---->\n              <\/div>\n            <\/div>\n          <\/div>\n          <div class=\"h-column h-column-container d-flex h-col-lg-auto h-col-md-auto h-col-auto align-self-lg-end align-self-md-end align-self-end style-803-outer style-local-326-c16-outer\">\n            <div data-colibri-id=\"326-c16\" class=\"d-flex h-flex-basis h-column__inner h-ui-empty-state-container h-px-lg-0 h-px-md-0 h-px-0 v-inner-lg-0 v-inner-md-0 v-inner-0 style-803 style-local-326-c16 position-relative\">\n              <!---->\n              <!---->\n              <div class=\"w-100 h-y-container h-column__content h-column__v-align flex-basis-100\">\n                <!---->\n              <\/div>\n            <\/div>\n          <\/div>\n        <\/div>\n      <\/div>\n    <\/div>\n  <\/div>\n<\/div>","protected":false},"excerpt":{"rendered":"<p>Samas End\u00fcstriyel \u00dcr\u00fcnler \u0130\u00e7 ve D\u0131\u015f Ticaret Anonim \u015eirketi Faaliyet Alanlar\u0131m\u0131z; \u015eirketimiz birden fazla sekt\u00f6rde ithalat ve ihracat s\u00fcre\u00e7lerini gerek dan\u0131\u015fmanl\u0131k vererek gerekse kendi b\u00fcnyesinde ger\u00e7ekle\u015ftirerek s\u00fcrd\u00fcrmektedir. Aktif sekt\u00f6rlerimiz aras\u0131nda Paslanmaz \u00c7elik, \u00c7elik Halat, savunma sanayiine y\u00f6nelik Tekstil ve Mimarl\u0131k bulunmaktad\u0131r. Daha detayl\u0131 bilgi i\u00e7in \u00fcst men\u00fcdeki faaliyet alanlar\u0131 b\u00f6l\u00fcm\u00fcnden a\u015fa\u011f\u0131 do\u011fru a\u00e7\u0131lan men\u00fcden ilgilendi\u011finiz [&hellip;]<\/p>\n","protected":false},"author":1,"featured_media":0,"parent":0,"menu_order":3,"comment_status":"closed","ping_status":"closed","template":"page-templates\/full-width-page.php","meta":{"footnotes":""},"class_list":["post-326","page","type-page","status-publish","hentry"],"_links":{"self":[{"href":"https:\/\/samasinc.com\/ar\/wp-json\/wp\/v2\/pages\/326","targetHints":{"allow":["GET"]}}],"collection":[{"href":"https:\/\/samasinc.com\/ar\/wp-json\/wp\/v2\/pages"}],"about":[{"href":"https:\/\/samasinc.com\/ar\/wp-json\/wp\/v2\/types\/page"}],"author":[{"embeddable":true,"href":"https:\/\/samasinc.com\/ar\/wp-json\/wp\/v2\/users\/1"}],"replies":[{"embeddable":true,"href":"https:\/\/samasinc.com\/ar\/wp-json\/wp\/v2\/comments?post=326"}],"version-history":[{"count":4,"href":"https:\/\/samasinc.com\/ar\/wp-json\/wp\/v2\/pages\/326\/revisions"}],"predecessor-version":[{"id":2836,"href":"https:\/\/samasinc.com\/ar\/wp-json\/wp\/v2\/pages\/326\/revisions\/2836"}],"wp:attachment":[{"href":"https:\/\/samasinc.com\/ar\/wp-json\/wp\/v2\/media?parent=326"}],"curies":[{"name":"\u0648\u0648\u0631\u062f\u0628\u0631\u064a\u0633","href":"https:\/\/api.w.org\/{rel}","templated":true}]}}