{"id":95,"date":"2022-08-23T10:51:13","date_gmt":"2022-08-23T10:51:13","guid":{"rendered":"https:\/\/samasinc.com\/?page_id=95"},"modified":"2025-10-05T14:19:15","modified_gmt":"2025-10-05T14:19:15","slug":"%d9%85%d8%b9%d9%84%d9%88%d9%85%d8%a7%d8%aa-%d8%b9%d9%86%d8%a7","status":"publish","type":"page","link":"https:\/\/samasinc.com\/ar\/%d9%85%d8%b9%d9%84%d9%88%d9%85%d8%a7%d8%aa-%d8%b9%d9%86%d8%a7\/","title":{"rendered":"\u0645\u0639\u0644\u0648\u0645\u0627\u062a \u0639\u0646\u0627"},"content":{"rendered":"<div data-colibri-id=\"95-c1\" class=\"style-618 style-local-95-c1 position-relative\">\n  <!----><\/p>\n<div data-colibri-component=\"section\" data-colibri-id=\"95-c2\" id=\"content\" class=\"h-section h-section-global-spacing d-flex align-items-lg-center align-items-md-center align-items-center style-623 style-local-95-c2 position-relative\">\n    <!----><br \/>\n    <!----><\/p>\n<div class=\"h-section-grid-container h-section-boxed-container\">\n<div data-colibri-id=\"95-c5\" class=\"h-row-container gutters-row-lg-2 gutters-row-md-2 gutters-row-2 gutters-row-v-lg-2 gutters-row-v-md-2 gutters-row-v-2 style-627 style-local-95-c5 position-relative\">\n        <!----><\/p>\n<div class=\"h-row justify-content-lg-center justify-content-md-center justify-content-center align-items-lg-stretch align-items-md-stretch align-items-stretch gutters-col-lg-2 gutters-col-md-2 gutters-col-2 gutters-col-v-lg-2 gutters-col-v-md-2 gutters-col-v-2\">\n          <!----><\/p>\n<div class=\"h-column h-column-container d-flex h-col-lg-auto h-col-md-auto h-col-auto style-628-outer style-local-95-c6-outer\">\n<div data-colibri-id=\"95-c6\" class=\"d-flex h-flex-basis h-column__inner h-ui-empty-state-container h-px-lg-2 h-px-md-2 h-px-0 v-inner-lg-2 v-inner-md-2 v-inner-0 style-628 style-local-95-c6 position-relative\">\n              <!----><br \/>\n              <!----><\/p>\n<div class=\"w-100 h-y-container h-column__content h-column__v-align flex-basis-100\">\n                <!---->\n              <\/div>\n<\/p>\n<\/div>\n<\/div>\n<\/div>\n<\/div>\n<div data-colibri-id=\"95-c3\" class=\"h-row-container gutters-row-lg-2 gutters-row-md-2 gutters-row-2 gutters-row-v-lg-2 gutters-row-v-md-2 gutters-row-v-2 style-624 style-local-95-c3 position-relative\">\n        <!----><\/p>\n<div class=\"h-row justify-content-lg-center justify-content-md-center justify-content-center align-items-lg-stretch align-items-md-stretch align-items-stretch gutters-col-lg-2 gutters-col-md-2 gutters-col-2 gutters-col-v-lg-2 gutters-col-v-md-2 gutters-col-v-2\">\n          <!----><\/p>\n<div class=\"h-column h-column-container d-flex h-col-lg-auto h-col-md-auto h-col-auto style-625-outer style-local-95-c4-outer\">\n<div data-colibri-id=\"95-c4\" class=\"d-flex h-flex-basis h-column__inner h-ui-empty-state-container h-px-lg-0 h-px-md-0 h-px-0 v-inner-lg-0 v-inner-md-0 v-inner-0 style-625 style-local-95-c4 position-relative\">\n              <!----><br \/>\n              <!----><\/p>\n<div class=\"w-100 h-y-container h-column__content h-column__v-align flex-basis-100\">\n                <!---->\n              <\/div>\n<\/p>\n<\/div>\n<\/div>\n<\/div>\n<\/div>\n<\/div>\n<\/div>\n<div data-colibri-component=\"section\" data-colibri-id=\"95-c7\" id=\"initial-content\" class=\"h-section h-section-global-spacing d-flex align-items-lg-center align-items-md-center align-items-center style-619 style-local-95-c7 position-relative\">\n    <!----><br \/>\n    <!----><\/p>\n<div class=\"h-section-grid-container h-section-boxed-container\">\n      <!----><\/p>\n<div data-colibri-id=\"95-c8\" class=\"h-row-container gutters-row-lg-2 gutters-row-md-2 gutters-row-0 gutters-row-v-lg-2 gutters-row-v-md-2 gutters-row-v-2 style-620 style-local-95-c8 position-relative\">\n        <!----><\/p>\n<div class=\"h-row justify-content-lg-center justify-content-md-center justify-content-center align-items-lg-stretch align-items-md-stretch align-items-stretch gutters-col-lg-2 gutters-col-md-2 gutters-col-0 gutters-col-v-lg-2 gutters-col-v-md-2 gutters-col-v-2\">\n          <!----><\/p>\n<div class=\"h-column h-column-container d-flex h-col-lg-auto h-col-md-auto h-col-auto style-621-outer style-local-95-c9-outer\">\n<div data-colibri-id=\"95-c9\" class=\"d-flex h-flex-basis h-column__inner h-px-lg-2 h-px-md-2 h-px-2 v-inner-lg-2 v-inner-md-2 v-inner-2 style-621 style-local-95-c9 position-relative\">\n              <!----><br \/>\n              <!----><\/p>\n<div class=\"w-100 h-y-container h-column__content h-column__v-align flex-basis-100 align-self-lg-start align-self-md-start align-self-start\">\n                <!----><\/p>\n<div data-colibri-id=\"95-c10\" class=\"style-622 style-local-95-c10 position-relative h-element\">\n                  <!----><\/p>\n<div>\n\n\n<h1 class=\"wp-block-heading has-text-align-left\" style=\"font-size:60px\">\n                      <mark style=\"background-color:rgba(0, 0, 0, 0)\" class=\"has-inline-color has-primary-color\">\u0645\u0639\u0644\u0648\u0645\u0627\u062a \u0639\u0646\u0627<\/mark>\n                    <\/h1>\n\n\n\n<div class=\"wp-block-group alignwide is-vertical is-layout-flex wp-container-core-group-is-layout-8cf370e7 wp-block-group-is-layout-flex\">\n<h2 class=\"wp-block-heading\" style=\"font-size:40px\">\u0645\u0646 \u0646\u062d\u0646\u061f<\/h2>\n\n\n\n<div class=\"wp-block-columns is-layout-flex wp-container-core-columns-is-layout-9d6595d7 wp-block-columns-is-layout-flex\">\n<div class=\"wp-block-column is-layout-flow wp-block-column-is-layout-flow\" style=\"flex-basis:100%\">\n<p>\u0634\u0631\u0643\u0629 \u0645\u0633\u0627\u0647\u0645\u0629 Samas \u0644\u0644\u0645\u0646\u062a\u062c\u0627\u062a \u0627\u0644\u0635\u0646\u0627\u0639\u064a\u0629 \u0644\u0644\u062a\u062c\u0627\u0631\u0629 \u0627\u0644\u0645\u062d\u0644\u064a\u0629 \u0648\u0627\u0644\u062e\u0627\u0631\u062c\u064a\u0629\u060c \u0645\u0646 \u062e\u0644\u0627\u0644 \u062a\u0646\u0641\u064a\u0630 \u0627\u0644\u062a\u062c\u0627\u0631\u0629 \u0627\u0644\u062e\u0627\u0631\u062c\u064a\u0629 \u0644\u0634\u0631\u0643\u0629 \u0628\u0648\u0644\u0648\u062a \u0645\u0648\u0628\u064a\u0644\u064a\u0627\u060c \u0625\u062d\u062f\u0649 \u0634\u0631\u0643\u0627\u062a \u062a\u0635\u0646\u064a\u0639 \u0627\u0644\u0623\u062b\u0627\u062b \u0627\u0644\u0645\u062d\u062a\u0631\u0645\u0629 \u0641\u064a \u0623\u0646\u0642\u0631\u0629\u060c \u0648\u0627\u0644\u062a\u064a \u062a\u0623\u0633\u0633\u062a \u0641\u064a \u0645\u0646\u062a\u0635\u0641 \u0627\u0644\u062e\u0645\u0633\u064a\u0646\u064a\u0627\u062a \u0645\u0646 \u0627\u0644\u0642\u0631\u0646 \u0627\u0644\u0645\u0627\u0636\u064a\u060c \u0648\u0634\u0631\u0643\u0629 \u0628\u0648\u0644\u0648\u062a \u0625\u0634\u0643\u0646\u0633\u060c \u0627\u0644\u062a\u064a \u062a\u0623\u0633\u0633\u062a \u0641\u064a \u0639\u0627\u0645 1973 \u0648\u0644\u062f\u064a\u0647\u0627 \u0643\u0627\u0646 \u0646\u062c\u0627\u0631 \u064a\u0635\u0646\u0639 \u0627\u0644\u062a\u0639\u0630\u064a\u0628 \u0641\u064a \u0623\u0646\u0642\u0631\u0629 \u0644\u0641\u062a\u0631\u0629 \u0637\u0648\u064a\u0644\u0629\u060c \u0628\u062f\u0623 \u0631\u062d\u0644\u062a\u0647. \u0648\u0628\u0641\u0636\u0644 \u0625\u0646\u062c\u0627\u0632\u0627\u062a\u0646\u0627 \u0648\u062e\u0628\u0631\u062a\u0646\u0627\u060c \u062a\u062d\u0648\u0644\u062a \u0625\u0644\u0649 \u0634\u0631\u0643\u0629 \u062a\u062c\u0627\u0631\u064a\u0629 \u0648\u0627\u0633\u062a\u0634\u0627\u0631\u0627\u062a \u0645\u0633\u062a\u0642\u0644\u0629 \u0641\u064a \u0639\u0627\u0645 2020 \u0628\u0646\u0627\u0621\u064b \u0639\u0644\u0649 \u0645\u062a\u0637\u0644\u0628\u0627\u062a \u0628\u064a\u0626\u062a\u0646\u0627.<\/p>\n<\/div>\n<\/div>\n\n\n\n<p>\u0627\u0644\u064a\u0648\u0645\u060c \u0648\u0628\u0646\u0627\u0621 \u0639\u0644\u0649 \u0637\u0644\u0628\u0627\u062a \u0639\u0645\u0644\u0627\u0626\u0646\u0627 \u0627\u0644\u0645\u0633\u062a\u0648\u0631\u062f\u064a\u0646\u060c \u0646\u0642\u0648\u0645 \u0628\u0625\u062c\u0631\u0627\u0621 \u0623\u0628\u062d\u0627\u062b \u0627\u0644\u0633\u0648\u0642 \u0639\u0644\u0649 \u0627\u0644\u0645\u0646\u062a\u062c\u0627\u062a \u0627\u0644\u062a\u064a \u0633\u064a\u062a\u0645 \u0627\u0633\u062a\u064a\u0631\u0627\u062f\u0647\u0627 \u0648\u0645\u062a\u0627\u0628\u0639\u0629 \u062c\u0645\u064a\u0639 \u0627\u0644\u0623\u0646\u0634\u0637\u0629 \u0627\u0644\u0644\u0648\u062c\u0633\u062a\u064a\u0629 \u0648\u0627\u0644\u062c\u0645\u0627\u0631\u0643\u064a\u0629 \u0644\u0644\u0645\u0646\u062a\u062c\u0627\u062a \u0627\u0644\u0645\u0642\u0631\u0631\u0629. \u0646\u0642\u0648\u0645 \u0628\u062a\u0646\u0641\u064a\u0630 \u0639\u0645\u0644\u064a\u0629 \u0627\u0644\u0627\u0633\u062a\u064a\u0631\u0627\u062f \u0645\u0646 \u0627\u0644\u0628\u062f\u0627\u064a\u0629 \u0625\u0644\u0649 \u0627\u0644\u0646\u0647\u0627\u064a\u0629. \u0628\u0627\u0644\u0625\u0636\u0627\u0641\u0629 \u0625\u0644\u0649 \u0630\u0644\u0643\u060c \u0646\u062d\u0646 \u0646\u0642\u062f\u0645 \u062e\u062f\u0645\u0627\u062a \u0645\u062b\u0644 \u0623\u0628\u062d\u0627\u062b \u0627\u0644\u0633\u0648\u0642 \u0627\u0644\u062f\u0648\u0644\u064a\u0629\u060c \u0648\u0625\u0646\u0634\u0627\u0621 \u0645\u062d\u0641\u0638\u0629 \u0627\u0644\u0639\u0645\u0644\u0627\u0621\u060c \u0648\u062a\u0646\u0641\u064a\u0630 \u0627\u0644\u0625\u062c\u0631\u0627\u0621\u0627\u062a \u0627\u0644\u0644\u0648\u062c\u0633\u062a\u064a\u0629 \u0648\u0627\u0644\u062c\u0645\u0631\u0643\u064a\u0629 \u0644\u0639\u0645\u0644\u0627\u0626\u0646\u0627 \u0627\u0644\u0630\u064a\u0646 \u064a\u0631\u063a\u0628\u0648\u0646 \u0641\u064a \u062a\u0635\u062f\u064a\u0631 \u0645\u0646\u062a\u062c\u0627\u062a\u0647\u0645 \u0627\u0644\u062e\u0627\u0635\u0629.<\/p>\n\n\n\n<p><\/p>\n<\/div>\n\n\n\n<div class=\"wp-block-group alignwide is-vertical is-layout-flex wp-container-core-group-is-layout-8cf370e7 wp-block-group-is-layout-flex\">\n<h2 class=\"wp-block-heading\" style=\"font-size:40px\">\u0645\u0647\u0645\u062a\u0646\u0627<\/h2>\n\n\n\n<p>\u0645\u0647\u0645\u062a\u0646\u0627 \u0647\u064a \u0623\u0644\u0627 \u0646\u062e\u064a\u0628 \u0623\u0628\u062f\u064b\u0627 \u062b\u0642\u0629 \u0639\u0645\u0644\u0627\u0626\u0646\u0627 \u0628\u0646\u0627 \u0648\u0646\u0647\u062f\u0641 \u0625\u0644\u0649 \u062a\u062c\u0627\u0648\u0632 \u062a\u0648\u0642\u0639\u0627\u062a \u0639\u0645\u0644\u0627\u0626\u0646\u0627 \u0627\u0644\u0630\u064a\u0646 \u0648\u062b\u0642\u0648\u0627 \u0628\u0646\u0627 \u0648\u0641\u0636\u0644\u0648\u0627\u0646\u0627. \u0646\u0647\u062f\u0641 \u062f\u0627\u0626\u0645\u064b\u0627 \u0625\u0644\u0649 \u0627\u0644\u062d\u0641\u0627\u0638 \u0639\u0644\u0649 \u0631\u0636\u0627 \u0627\u0644\u0639\u0645\u0644\u0627\u0621 \u0639\u0644\u0649 \u0623\u0639\u0644\u0649 \u0645\u0633\u062a\u0648\u0649 \u0648\u0641\u064a \u0647\u0630\u0627 \u0627\u0644\u0627\u062a\u062c\u0627\u0647\u060c \u0646\u0639\u0645\u0644 \u0639\u0644\u0649 \u0641\u0647\u0645 \u0627\u062d\u062a\u064a\u0627\u062c\u0627\u062a \u0643\u0644 \u0639\u0645\u064a\u0644 \u0645\u0646 \u0639\u0645\u0644\u0627\u0626\u0646\u0627 \u0648\u062a\u0642\u062f\u064a\u0645 \u0623\u0641\u0636\u0644 \u0627\u0644\u062d\u0644\u0648\u0644.<\/p>\n<\/div>\n\n\n\n<p><\/p>\n\n\n<\/div>\n<\/div>\n<\/div>\n<\/div>\n<\/div>\n<\/div>\n<\/div>\n<\/div>\n<\/div>\n<\/div>","protected":false},"excerpt":{"rendered":"<p>Hakk\u0131m\u0131zda Biz kimiz? Samas End\u00fcstriyel \u00dcr\u00fcnler \u0130\u00e7 ve D\u0131\u015f Ticaret Anonim \u015eirketi 1950&#8217;lerin ortalar\u0131nda kurulmu\u015f olan Ankara&#8217;n\u0131n sayg\u0131n mobilya imalat\u00e7\u0131lar\u0131ndan olan Bulut Mobilya&#8217;n\u0131n ve 1973 y\u0131l\u0131nda kurulmu\u015f yine uzun bir d\u00f6nem Ankara&#8217;da marangoz i\u015fkencesi imalat\u0131 yapm\u0131\u015f olan Bulut \u0130\u015fkence&#8217;nin yurt d\u0131\u015f\u0131 ticaretlerini y\u00fcr\u00fcterek yolculu\u011funa ba\u015flam\u0131\u015ft\u0131r. Kazan\u0131mlar\u0131m\u0131zdan ve deneyimimizden dolay\u0131 \u00e7evremizden gelen talepler \u00fczerine 2020 y\u0131l\u0131nda [&hellip;]<\/p>\n","protected":false},"author":1,"featured_media":0,"parent":0,"menu_order":1,"comment_status":"closed","ping_status":"closed","template":"page-templates\/full-width-page.php","meta":{"footnotes":""},"class_list":["post-95","page","type-page","status-publish","hentry"],"_links":{"self":[{"href":"https:\/\/samasinc.com\/ar\/wp-json\/wp\/v2\/pages\/95","targetHints":{"allow":["GET"]}}],"collection":[{"href":"https:\/\/samasinc.com\/ar\/wp-json\/wp\/v2\/pages"}],"about":[{"href":"https:\/\/samasinc.com\/ar\/wp-json\/wp\/v2\/types\/page"}],"author":[{"embeddable":true,"href":"https:\/\/samasinc.com\/ar\/wp-json\/wp\/v2\/users\/1"}],"replies":[{"embeddable":true,"href":"https:\/\/samasinc.com\/ar\/wp-json\/wp\/v2\/comments?post=95"}],"version-history":[{"count":8,"href":"https:\/\/samasinc.com\/ar\/wp-json\/wp\/v2\/pages\/95\/revisions"}],"predecessor-version":[{"id":3541,"href":"https:\/\/samasinc.com\/ar\/wp-json\/wp\/v2\/pages\/95\/revisions\/3541"}],"wp:attachment":[{"href":"https:\/\/samasinc.com\/ar\/wp-json\/wp\/v2\/media?parent=95"}],"curies":[{"name":"\u0648\u0648\u0631\u062f\u0628\u0631\u064a\u0633","href":"https:\/\/api.w.org\/{rel}","templated":true}]}}