{"id":326,"date":"2023-02-20T07:57:40","date_gmt":"2023-02-20T07:57:40","guid":{"rendered":"https:\/\/samasinc.com\/?page_id=326"},"modified":"2025-10-05T14:19:31","modified_gmt":"2025-10-05T14:19:31","slug":"nuestras-areas-de-actividad","status":"publish","type":"page","link":"https:\/\/samasinc.com\/es\/nuestras-areas-de-actividad\/","title":{"rendered":"Campos de actividad"},"content":{"rendered":"<div data-colibri-id=\"326-c1\" class=\"style-753 style-local-326-c1 position-relative\">\n  <!---->\n  <div data-colibri-component=\"section\" data-colibri-id=\"326-c2\" id=\"content\" class=\"h-section h-section-global-spacing d-flex align-items-lg-center align-items-md-center align-items-center style-758 style-local-326-c2 position-relative\">\n    <!---->\n    <!---->\n    <div class=\"h-section-grid-container h-section-boxed-container\">\n      <div data-colibri-id=\"326-c5\" class=\"h-row-container gutters-row-lg-2 gutters-row-md-2 gutters-row-2 gutters-row-v-lg-2 gutters-row-v-md-2 gutters-row-v-2 style-762 style-local-326-c5 position-relative\">\n        <!---->\n        <div class=\"h-row justify-content-lg-center justify-content-md-center justify-content-center align-items-lg-stretch align-items-md-stretch align-items-stretch gutters-col-lg-2 gutters-col-md-2 gutters-col-2 gutters-col-v-lg-2 gutters-col-v-md-2 gutters-col-v-2\">\n          <!---->\n          <div class=\"h-column h-column-container d-flex h-col-lg-auto h-col-md-auto h-col-auto style-763-outer style-local-326-c6-outer\">\n            <div data-colibri-id=\"326-c6\" class=\"d-flex h-flex-basis h-column__inner h-ui-empty-state-container h-px-lg-2 h-px-md-2 h-px-0 v-inner-lg-2 v-inner-md-2 v-inner-0 style-763 style-local-326-c6 position-relative\">\n              <!---->\n              <!---->\n              <div class=\"w-100 h-y-container h-column__content h-column__v-align flex-basis-100\">\n                <!---->\n              <\/div>\n            <\/div>\n          <\/div>\n        <\/div>\n      <\/div>\n      <div data-colibri-id=\"326-c3\" class=\"h-row-container gutters-row-lg-2 gutters-row-md-2 gutters-row-2 gutters-row-v-lg-2 gutters-row-v-md-2 gutters-row-v-2 style-759 style-local-326-c3 position-relative\">\n        <!---->\n        <div class=\"h-row justify-content-lg-center justify-content-md-center justify-content-center align-items-lg-stretch align-items-md-stretch align-items-stretch gutters-col-lg-2 gutters-col-md-2 gutters-col-2 gutters-col-v-lg-2 gutters-col-v-md-2 gutters-col-v-2\">\n          <!---->\n          <div class=\"h-column h-column-container d-flex h-col-lg-auto h-col-md-auto h-col-auto style-760-outer style-local-326-c4-outer\">\n            <div data-colibri-id=\"326-c4\" class=\"d-flex h-flex-basis h-column__inner h-ui-empty-state-container h-px-lg-0 h-px-md-0 h-px-0 v-inner-lg-0 v-inner-md-0 v-inner-0 style-760 style-local-326-c4 position-relative\">\n              <!---->\n              <!---->\n              <div class=\"w-100 h-y-container h-column__content h-column__v-align flex-basis-100\">\n                <!---->\n              <\/div>\n            <\/div>\n          <\/div>\n        <\/div>\n      <\/div>\n    <\/div>\n  <\/div>\n  <div data-colibri-component=\"section\" data-colibri-id=\"326-c12\" id=\"about\" class=\"h-section h-section-global-spacing d-flex align-items-lg-center align-items-md-center align-items-center style-799 style-local-326-c12 position-relative\">\n    <!---->\n    <!---->\n    <div class=\"h-section-grid-container h-section-boxed-container\">\n      <div data-colibri-id=\"326-c17\" class=\"h-row-container gutters-row-lg-2 gutters-row-md-2 gutters-row-2 gutters-row-v-lg-2 gutters-row-v-md-2 gutters-row-v-2 style-804 style-local-326-c17 position-relative\">\n        <!---->\n        <div class=\"h-row justify-content-lg-center justify-content-md-center justify-content-center align-items-lg-stretch align-items-md-stretch align-items-stretch gutters-col-lg-2 gutters-col-md-2 gutters-col-2 gutters-col-v-lg-2 gutters-col-v-md-2 gutters-col-v-2\">\n          <!---->\n          <div class=\"h-column h-column-container d-flex h-col-lg-auto h-col-md-auto h-col-auto style-805-outer style-local-326-c18-outer\">\n            <div data-colibri-id=\"326-c18\" class=\"d-flex h-flex-basis h-column__inner h-px-lg-2 h-px-md-2 h-px-2 v-inner-lg-2 v-inner-md-2 v-inner-2 style-805 style-local-326-c18 position-relative\">\n              <!---->\n              <!---->\n              <div class=\"w-100 h-y-container h-column__content h-column__v-align flex-basis-100 align-self-lg-start align-self-md-start align-self-start\">\n                <!---->\n                <div data-colibri-id=\"326-c19\" class=\"h-global-transition-all h-heading style-806 style-local-326-c19 position-relative h-element\">\n                  <!---->\n                  <div class=\"h-heading__outer style-806 style-local-326-c19\">\n                    <!---->\n                    <!---->\n                    <h5 class=\"\">Samas Productos Industriales Sociedad An\u00f3nima de Comercio Interior y Exterior<\/h5>\n                  <\/div>\n                <\/div>\n                <div data-colibri-id=\"326-c20\" class=\"h-global-transition-all h-heading style-807 style-local-326-c20 position-relative h-element\">\n                  <!---->\n                  <div class=\"h-heading__outer style-807 style-local-326-c20\">\n                    <!---->\n                    <!---->\n                    <h2 class=\"\">Nuestras \u00c1reas de Actividad;<\/h2>\n                  <\/div>\n                <\/div>\n                <div data-colibri-id=\"326-c21\" class=\"h-lead h-text h-text-component style-808 style-local-326-c21 position-relative h-element\">\n                  <!---->\n                  <!---->\n                  <div class=\"\">\n                    <p>Nuestra empresa contin\u00faa procesos de importaci\u00f3n y exportaci\u00f3n en m\u00e1s de un sector, tanto prestando asesoramiento como realiz\u00e1ndolo dentro de su propia estructura.\n                      <br>\n                      <br>Nuestros sectores activos incluyen Acero Inoxidable, Cables de Acero, Textiles para la industria de defensa y Arquitectura.\n                      <br>\n                      <br>Para obtener informaci\u00f3n m\u00e1s detallada, puedes abrir la p\u00e1gina del sector que te interese desde el men\u00fa desplegable del apartado de campos de actividad del men\u00fa superior.<\/p>\n                  <\/div>\n                <\/div>\n                <div data-colibri-id=\"326-c22\" class=\"h-x-container style-809 style-local-326-c22 position-relative h-element\">\n                  <!---->\n                  <div class=\"h-x-container-inner style-dynamic-326-c22-group style-809-spacing style-local-326-c22-spacing\"><span class=\"h-button__outer style-810-outer style-local-326-c23-outer d-inline-flex h-element\"><a h-use-smooth-scroll=\"true\" href=\"https:\/\/samasinc.com\/es\/contactenos\/\"  data-colibri-id=\"326-c23\" class=\"d-flex w-100 align-items-center h-button justify-content-lg-center justify-content-md-center justify-content-center style-810 style-local-326-c23 position-relative\"><!----><!----> <span>\u00a1Cont\u00e1ctenos!<\/span><\/a>\n                    <\/span>\n                  <\/div>\n                <\/div>\n              <\/div>\n            <\/div>\n          <\/div>\n        <\/div>\n      <\/div>\n      <div data-colibri-id=\"326-c13\" class=\"h-row-container gutters-row-lg-0 gutters-row-md-0 gutters-row-0 gutters-row-v-lg-0 gutters-row-v-md-0 gutters-row-v-0 style-800 style-local-326-c13 h-overflow-hidden position-relative\">\n        <!---->\n        <div class=\"h-row justify-content-lg-center justify-content-md-center justify-content-center align-items-lg-end align-items-md-end align-items-end gutters-col-lg-0 gutters-col-md-0 gutters-col-0 gutters-col-v-lg-0 gutters-col-v-md-0 gutters-col-v-0\">\n          <!---->\n          <div class=\"h-column h-column-container d-flex h-col-lg-auto h-col-md-auto h-col-auto align-self-lg-end align-self-md-end align-self-end style-801-outer style-local-326-c14-outer\">\n            <div data-colibri-id=\"326-c14\" class=\"d-flex h-flex-basis h-column__inner h-ui-empty-state-container h-px-lg-0 h-px-md-0 h-px-0 v-inner-lg-0 v-inner-md-0 v-inner-0 style-801 style-local-326-c14 position-relative\">\n              <!---->\n              <!---->\n              <div class=\"w-100 h-y-container h-column__content h-column__v-align flex-basis-100\">\n                <!---->\n              <\/div>\n            <\/div>\n          <\/div>\n          <div class=\"h-column h-column-container d-flex h-col-lg-auto h-col-md-auto h-col-auto align-self-lg-end align-self-md-end align-self-end style-802-outer style-local-326-c15-outer\">\n            <div data-colibri-id=\"326-c15\" class=\"d-flex h-flex-basis h-column__inner h-ui-empty-state-container h-px-lg-0 h-px-md-0 h-px-0 v-inner-lg-0 v-inner-md-0 v-inner-0 style-802 style-local-326-c15 position-relative\">\n              <!---->\n              <!---->\n              <div class=\"w-100 h-y-container h-column__content h-column__v-align flex-basis-100\">\n                <!---->\n              <\/div>\n            <\/div>\n          <\/div>\n          <div class=\"h-column h-column-container d-flex h-col-lg-auto h-col-md-auto h-col-auto align-self-lg-end align-self-md-end align-self-end style-803-outer style-local-326-c16-outer\">\n            <div data-colibri-id=\"326-c16\" class=\"d-flex h-flex-basis h-column__inner h-ui-empty-state-container h-px-lg-0 h-px-md-0 h-px-0 v-inner-lg-0 v-inner-md-0 v-inner-0 style-803 style-local-326-c16 position-relative\">\n              <!---->\n              <!---->\n              <div class=\"w-100 h-y-container h-column__content h-column__v-align flex-basis-100\">\n                <!---->\n              <\/div>\n            <\/div>\n          <\/div>\n        <\/div>\n      <\/div>\n    <\/div>\n  <\/div>\n<\/div>","protected":false},"excerpt":{"rendered":"<p>Samas End\u00fcstriyel \u00dcr\u00fcnler \u0130\u00e7 ve D\u0131\u015f Ticaret Anonim \u015eirketi Faaliyet Alanlar\u0131m\u0131z; \u015eirketimiz birden fazla sekt\u00f6rde ithalat ve ihracat s\u00fcre\u00e7lerini gerek dan\u0131\u015fmanl\u0131k vererek gerekse kendi b\u00fcnyesinde ger\u00e7ekle\u015ftirerek s\u00fcrd\u00fcrmektedir. Aktif sekt\u00f6rlerimiz aras\u0131nda Paslanmaz \u00c7elik, \u00c7elik Halat, savunma sanayiine y\u00f6nelik Tekstil ve Mimarl\u0131k bulunmaktad\u0131r. Daha detayl\u0131 bilgi i\u00e7in \u00fcst men\u00fcdeki faaliyet alanlar\u0131 b\u00f6l\u00fcm\u00fcnden a\u015fa\u011f\u0131 do\u011fru a\u00e7\u0131lan men\u00fcden ilgilendi\u011finiz [&hellip;]<\/p>\n","protected":false},"author":1,"featured_media":0,"parent":0,"menu_order":3,"comment_status":"closed","ping_status":"closed","template":"page-templates\/full-width-page.php","meta":{"footnotes":""},"class_list":["post-326","page","type-page","status-publish","hentry"],"_links":{"self":[{"href":"https:\/\/samasinc.com\/es\/wp-json\/wp\/v2\/pages\/326","targetHints":{"allow":["GET"]}}],"collection":[{"href":"https:\/\/samasinc.com\/es\/wp-json\/wp\/v2\/pages"}],"about":[{"href":"https:\/\/samasinc.com\/es\/wp-json\/wp\/v2\/types\/page"}],"author":[{"embeddable":true,"href":"https:\/\/samasinc.com\/es\/wp-json\/wp\/v2\/users\/1"}],"replies":[{"embeddable":true,"href":"https:\/\/samasinc.com\/es\/wp-json\/wp\/v2\/comments?post=326"}],"version-history":[{"count":4,"href":"https:\/\/samasinc.com\/es\/wp-json\/wp\/v2\/pages\/326\/revisions"}],"predecessor-version":[{"id":2836,"href":"https:\/\/samasinc.com\/es\/wp-json\/wp\/v2\/pages\/326\/revisions\/2836"}],"wp:attachment":[{"href":"https:\/\/samasinc.com\/es\/wp-json\/wp\/v2\/media?parent=326"}],"curies":[{"name":"wp","href":"https:\/\/api.w.org\/{rel}","templated":true}]}}