{"id":95,"date":"2022-08-23T10:51:13","date_gmt":"2022-08-23T10:51:13","guid":{"rendered":"https:\/\/samasinc.com\/?page_id=95"},"modified":"2025-10-05T14:19:15","modified_gmt":"2025-10-05T14:19:15","slug":"a-propos-de-nous","status":"publish","type":"page","link":"https:\/\/samasinc.com\/fr\/a-propos-de-nous\/","title":{"rendered":"\u00e0 propos de nous"},"content":{"rendered":"<div data-colibri-id=\"95-c1\" class=\"style-618 style-local-95-c1 position-relative\">\n  <!----><\/p>\n<div data-colibri-component=\"section\" data-colibri-id=\"95-c2\" id=\"content\" class=\"h-section h-section-global-spacing d-flex align-items-lg-center align-items-md-center align-items-center style-623 style-local-95-c2 position-relative\">\n    <!----><br \/>\n    <!----><\/p>\n<div class=\"h-section-grid-container h-section-boxed-container\">\n<div data-colibri-id=\"95-c5\" class=\"h-row-container gutters-row-lg-2 gutters-row-md-2 gutters-row-2 gutters-row-v-lg-2 gutters-row-v-md-2 gutters-row-v-2 style-627 style-local-95-c5 position-relative\">\n        <!----><\/p>\n<div class=\"h-row justify-content-lg-center justify-content-md-center justify-content-center align-items-lg-stretch align-items-md-stretch align-items-stretch gutters-col-lg-2 gutters-col-md-2 gutters-col-2 gutters-col-v-lg-2 gutters-col-v-md-2 gutters-col-v-2\">\n          <!----><\/p>\n<div class=\"h-column h-column-container d-flex h-col-lg-auto h-col-md-auto h-col-auto style-628-outer style-local-95-c6-outer\">\n<div data-colibri-id=\"95-c6\" class=\"d-flex h-flex-basis h-column__inner h-ui-empty-state-container h-px-lg-2 h-px-md-2 h-px-0 v-inner-lg-2 v-inner-md-2 v-inner-0 style-628 style-local-95-c6 position-relative\">\n              <!----><br \/>\n              <!----><\/p>\n<div class=\"w-100 h-y-container h-column__content h-column__v-align flex-basis-100\">\n                <!---->\n              <\/div>\n<\/p>\n<\/div>\n<\/div>\n<\/div>\n<\/div>\n<div data-colibri-id=\"95-c3\" class=\"h-row-container gutters-row-lg-2 gutters-row-md-2 gutters-row-2 gutters-row-v-lg-2 gutters-row-v-md-2 gutters-row-v-2 style-624 style-local-95-c3 position-relative\">\n        <!----><\/p>\n<div class=\"h-row justify-content-lg-center justify-content-md-center justify-content-center align-items-lg-stretch align-items-md-stretch align-items-stretch gutters-col-lg-2 gutters-col-md-2 gutters-col-2 gutters-col-v-lg-2 gutters-col-v-md-2 gutters-col-v-2\">\n          <!----><\/p>\n<div class=\"h-column h-column-container d-flex h-col-lg-auto h-col-md-auto h-col-auto style-625-outer style-local-95-c4-outer\">\n<div data-colibri-id=\"95-c4\" class=\"d-flex h-flex-basis h-column__inner h-ui-empty-state-container h-px-lg-0 h-px-md-0 h-px-0 v-inner-lg-0 v-inner-md-0 v-inner-0 style-625 style-local-95-c4 position-relative\">\n              <!----><br \/>\n              <!----><\/p>\n<div class=\"w-100 h-y-container h-column__content h-column__v-align flex-basis-100\">\n                <!---->\n              <\/div>\n<\/p>\n<\/div>\n<\/div>\n<\/div>\n<\/div>\n<\/div>\n<\/div>\n<div data-colibri-component=\"section\" data-colibri-id=\"95-c7\" id=\"initial-content\" class=\"h-section h-section-global-spacing d-flex align-items-lg-center align-items-md-center align-items-center style-619 style-local-95-c7 position-relative\">\n    <!----><br \/>\n    <!----><\/p>\n<div class=\"h-section-grid-container h-section-boxed-container\">\n      <!----><\/p>\n<div data-colibri-id=\"95-c8\" class=\"h-row-container gutters-row-lg-2 gutters-row-md-2 gutters-row-0 gutters-row-v-lg-2 gutters-row-v-md-2 gutters-row-v-2 style-620 style-local-95-c8 position-relative\">\n        <!----><\/p>\n<div class=\"h-row justify-content-lg-center justify-content-md-center justify-content-center align-items-lg-stretch align-items-md-stretch align-items-stretch gutters-col-lg-2 gutters-col-md-2 gutters-col-0 gutters-col-v-lg-2 gutters-col-v-md-2 gutters-col-v-2\">\n          <!----><\/p>\n<div class=\"h-column h-column-container d-flex h-col-lg-auto h-col-md-auto h-col-auto style-621-outer style-local-95-c9-outer\">\n<div data-colibri-id=\"95-c9\" class=\"d-flex h-flex-basis h-column__inner h-px-lg-2 h-px-md-2 h-px-2 v-inner-lg-2 v-inner-md-2 v-inner-2 style-621 style-local-95-c9 position-relative\">\n              <!----><br \/>\n              <!----><\/p>\n<div class=\"w-100 h-y-container h-column__content h-column__v-align flex-basis-100 align-self-lg-start align-self-md-start align-self-start\">\n                <!----><\/p>\n<div data-colibri-id=\"95-c10\" class=\"style-622 style-local-95-c10 position-relative h-element\">\n                  <!----><\/p>\n<div>\n\n\n<h1 class=\"wp-block-heading has-text-align-left\" style=\"font-size:60px\">\n                      <mark style=\"background-color:rgba(0, 0, 0, 0)\" class=\"has-inline-color has-primary-color\">\u00e0 propos de nous<\/mark>\n                    <\/h1>\n\n\n\n<div class=\"wp-block-group alignwide is-vertical is-layout-flex wp-container-core-group-is-layout-8cf370e7 wp-block-group-is-layout-flex\">\n<h2 class=\"wp-block-heading\" style=\"font-size:40px\">Qui sommes nous?<\/h2>\n\n\n\n<div class=\"wp-block-columns is-layout-flex wp-container-core-columns-is-layout-9d6595d7 wp-block-columns-is-layout-flex\">\n<div class=\"wp-block-column is-layout-flow wp-block-column-is-layout-flow\" style=\"flex-basis:100%\">\n<p>Samas Soci\u00e9t\u00e9 par actions de produits industriels pour le commerce int\u00e9rieur et ext\u00e9rieur, en assurant le commerce ext\u00e9rieur de Bulut Mobilya, l&#039;un des fabricants de meubles respect\u00e9s d&#039;Ankara, cr\u00e9\u00e9 au milieu des ann\u00e9es 1950, et de Bulut \u0130\u015fkence, cr\u00e9\u00e9e en 1973 et qui a fabrique des tortures de menuisier \u00e0 Ankara depuis longtemps et a commenc\u00e9 son voyage. Gr\u00e2ce \u00e0 nos r\u00e9alisations et \u00e0 notre exp\u00e9rience, elle s&#039;est transform\u00e9e en 2020 en une soci\u00e9t\u00e9 de commerce et de conseil ind\u00e9pendante r\u00e9pondant aux exigences de notre environnement.<\/p>\n<\/div>\n<\/div>\n\n\n\n<p>Aujourd&#039;hui, \u00e0 la demande de nos clients importateurs, nous effectuons des \u00e9tudes de march\u00e9 sur les produits \u00e0 importer et suivons toutes les activit\u00e9s logistiques et douani\u00e8res des produits choisis. Nous effectuons le processus d&#039;importation du d\u00e9but \u00e0 la fin. De plus, nous proposons des services tels que des \u00e9tudes de march\u00e9 international, la constitution d&#039;un portefeuille clients et la r\u00e9alisation de d\u00e9marches logistiques et douani\u00e8res pour nos clients souhaitant exporter leurs propres produits.<\/p>\n\n\n\n<p><\/p>\n<\/div>\n\n\n\n<div class=\"wp-block-group alignwide is-vertical is-layout-flex wp-container-core-group-is-layout-8cf370e7 wp-block-group-is-layout-flex\">\n<h2 class=\"wp-block-heading\" style=\"font-size:40px\">Notre mission<\/h2>\n\n\n\n<p>Notre mission est de ne jamais d\u00e9cevoir la confiance de nos clients et nous visons \u00e0 d\u00e9passer les attentes de nos clients qui nous ont fait confiance et nous ont pr\u00e9f\u00e9r\u00e9s. Nous visons toujours \u00e0 maintenir la satisfaction de nos clients au plus haut niveau et dans ce sens, nous travaillons pour comprendre les besoins de chacun de nos clients et proposer les meilleures solutions.<\/p>\n<\/div>\n\n\n\n<p><\/p>\n\n\n<\/div>\n<\/div>\n<\/div>\n<\/div>\n<\/div>\n<\/div>\n<\/div>\n<\/div>\n<\/div>\n<\/div>","protected":false},"excerpt":{"rendered":"<p>Hakk\u0131m\u0131zda Biz kimiz? Samas End\u00fcstriyel \u00dcr\u00fcnler \u0130\u00e7 ve D\u0131\u015f Ticaret Anonim \u015eirketi 1950&#8217;lerin ortalar\u0131nda kurulmu\u015f olan Ankara&#8217;n\u0131n sayg\u0131n mobilya imalat\u00e7\u0131lar\u0131ndan olan Bulut Mobilya&#8217;n\u0131n ve 1973 y\u0131l\u0131nda kurulmu\u015f yine uzun bir d\u00f6nem Ankara&#8217;da marangoz i\u015fkencesi imalat\u0131 yapm\u0131\u015f olan Bulut \u0130\u015fkence&#8217;nin yurt d\u0131\u015f\u0131 ticaretlerini y\u00fcr\u00fcterek yolculu\u011funa ba\u015flam\u0131\u015ft\u0131r. Kazan\u0131mlar\u0131m\u0131zdan ve deneyimimizden dolay\u0131 \u00e7evremizden gelen talepler \u00fczerine 2020 y\u0131l\u0131nda [&hellip;]<\/p>\n","protected":false},"author":1,"featured_media":0,"parent":0,"menu_order":1,"comment_status":"closed","ping_status":"closed","template":"page-templates\/full-width-page.php","meta":{"footnotes":""},"class_list":["post-95","page","type-page","status-publish","hentry"],"_links":{"self":[{"href":"https:\/\/samasinc.com\/fr\/wp-json\/wp\/v2\/pages\/95","targetHints":{"allow":["GET"]}}],"collection":[{"href":"https:\/\/samasinc.com\/fr\/wp-json\/wp\/v2\/pages"}],"about":[{"href":"https:\/\/samasinc.com\/fr\/wp-json\/wp\/v2\/types\/page"}],"author":[{"embeddable":true,"href":"https:\/\/samasinc.com\/fr\/wp-json\/wp\/v2\/users\/1"}],"replies":[{"embeddable":true,"href":"https:\/\/samasinc.com\/fr\/wp-json\/wp\/v2\/comments?post=95"}],"version-history":[{"count":8,"href":"https:\/\/samasinc.com\/fr\/wp-json\/wp\/v2\/pages\/95\/revisions"}],"predecessor-version":[{"id":3541,"href":"https:\/\/samasinc.com\/fr\/wp-json\/wp\/v2\/pages\/95\/revisions\/3541"}],"wp:attachment":[{"href":"https:\/\/samasinc.com\/fr\/wp-json\/wp\/v2\/media?parent=95"}],"curies":[{"name":"wp","href":"https:\/\/api.w.org\/{rel}","templated":true}]}}