{"id":95,"date":"2022-08-23T10:51:13","date_gmt":"2022-08-23T10:51:13","guid":{"rendered":"https:\/\/samasinc.com\/?page_id=95"},"modified":"2025-10-05T14:19:15","modified_gmt":"2025-10-05T14:19:15","slug":"%d0%be-%d0%bd%d0%b0%d1%81","status":"publish","type":"page","link":"https:\/\/samasinc.com\/ru\/%d0%be-%d0%bd%d0%b0%d1%81\/","title":{"rendered":"\u043e \u043d\u0430\u0441"},"content":{"rendered":"<div data-colibri-id=\"95-c1\" class=\"style-618 style-local-95-c1 position-relative\">\n  <!----><\/p>\n<div data-colibri-component=\"section\" data-colibri-id=\"95-c2\" id=\"content\" class=\"h-section h-section-global-spacing d-flex align-items-lg-center align-items-md-center align-items-center style-623 style-local-95-c2 position-relative\">\n    <!----><br \/>\n    <!----><\/p>\n<div class=\"h-section-grid-container h-section-boxed-container\">\n<div data-colibri-id=\"95-c5\" class=\"h-row-container gutters-row-lg-2 gutters-row-md-2 gutters-row-2 gutters-row-v-lg-2 gutters-row-v-md-2 gutters-row-v-2 style-627 style-local-95-c5 position-relative\">\n        <!----><\/p>\n<div class=\"h-row justify-content-lg-center justify-content-md-center justify-content-center align-items-lg-stretch align-items-md-stretch align-items-stretch gutters-col-lg-2 gutters-col-md-2 gutters-col-2 gutters-col-v-lg-2 gutters-col-v-md-2 gutters-col-v-2\">\n          <!----><\/p>\n<div class=\"h-column h-column-container d-flex h-col-lg-auto h-col-md-auto h-col-auto style-628-outer style-local-95-c6-outer\">\n<div data-colibri-id=\"95-c6\" class=\"d-flex h-flex-basis h-column__inner h-ui-empty-state-container h-px-lg-2 h-px-md-2 h-px-0 v-inner-lg-2 v-inner-md-2 v-inner-0 style-628 style-local-95-c6 position-relative\">\n              <!----><br \/>\n              <!----><\/p>\n<div class=\"w-100 h-y-container h-column__content h-column__v-align flex-basis-100\">\n                <!---->\n              <\/div>\n<\/p>\n<\/div>\n<\/div>\n<\/div>\n<\/div>\n<div data-colibri-id=\"95-c3\" class=\"h-row-container gutters-row-lg-2 gutters-row-md-2 gutters-row-2 gutters-row-v-lg-2 gutters-row-v-md-2 gutters-row-v-2 style-624 style-local-95-c3 position-relative\">\n        <!----><\/p>\n<div class=\"h-row justify-content-lg-center justify-content-md-center justify-content-center align-items-lg-stretch align-items-md-stretch align-items-stretch gutters-col-lg-2 gutters-col-md-2 gutters-col-2 gutters-col-v-lg-2 gutters-col-v-md-2 gutters-col-v-2\">\n          <!----><\/p>\n<div class=\"h-column h-column-container d-flex h-col-lg-auto h-col-md-auto h-col-auto style-625-outer style-local-95-c4-outer\">\n<div data-colibri-id=\"95-c4\" class=\"d-flex h-flex-basis h-column__inner h-ui-empty-state-container h-px-lg-0 h-px-md-0 h-px-0 v-inner-lg-0 v-inner-md-0 v-inner-0 style-625 style-local-95-c4 position-relative\">\n              <!----><br \/>\n              <!----><\/p>\n<div class=\"w-100 h-y-container h-column__content h-column__v-align flex-basis-100\">\n                <!---->\n              <\/div>\n<\/p>\n<\/div>\n<\/div>\n<\/div>\n<\/div>\n<\/div>\n<\/div>\n<div data-colibri-component=\"section\" data-colibri-id=\"95-c7\" id=\"initial-content\" class=\"h-section h-section-global-spacing d-flex align-items-lg-center align-items-md-center align-items-center style-619 style-local-95-c7 position-relative\">\n    <!----><br \/>\n    <!----><\/p>\n<div class=\"h-section-grid-container h-section-boxed-container\">\n      <!----><\/p>\n<div data-colibri-id=\"95-c8\" class=\"h-row-container gutters-row-lg-2 gutters-row-md-2 gutters-row-0 gutters-row-v-lg-2 gutters-row-v-md-2 gutters-row-v-2 style-620 style-local-95-c8 position-relative\">\n        <!----><\/p>\n<div class=\"h-row justify-content-lg-center justify-content-md-center justify-content-center align-items-lg-stretch align-items-md-stretch align-items-stretch gutters-col-lg-2 gutters-col-md-2 gutters-col-0 gutters-col-v-lg-2 gutters-col-v-md-2 gutters-col-v-2\">\n          <!----><\/p>\n<div class=\"h-column h-column-container d-flex h-col-lg-auto h-col-md-auto h-col-auto style-621-outer style-local-95-c9-outer\">\n<div data-colibri-id=\"95-c9\" class=\"d-flex h-flex-basis h-column__inner h-px-lg-2 h-px-md-2 h-px-2 v-inner-lg-2 v-inner-md-2 v-inner-2 style-621 style-local-95-c9 position-relative\">\n              <!----><br \/>\n              <!----><\/p>\n<div class=\"w-100 h-y-container h-column__content h-column__v-align flex-basis-100 align-self-lg-start align-self-md-start align-self-start\">\n                <!----><\/p>\n<div data-colibri-id=\"95-c10\" class=\"style-622 style-local-95-c10 position-relative h-element\">\n                  <!----><\/p>\n<div>\n\n\n<h1 class=\"wp-block-heading has-text-align-left\" style=\"font-size:60px\">\n                      <mark style=\"background-color:rgba(0, 0, 0, 0)\" class=\"has-inline-color has-primary-color\">\u043e \u043d\u0430\u0441<\/mark>\n                    <\/h1>\n\n\n\n<div class=\"wp-block-group alignwide is-vertical is-layout-flex wp-container-core-group-is-layout-8cf370e7 wp-block-group-is-layout-flex\">\n<h2 class=\"wp-block-heading\" style=\"font-size:40px\">\u041a\u0442\u043e \u043c\u044b?<\/h2>\n\n\n\n<div class=\"wp-block-columns is-layout-flex wp-container-core-columns-is-layout-9d6595d7 wp-block-columns-is-layout-flex\">\n<div class=\"wp-block-column is-layout-flow wp-block-column-is-layout-flow\" style=\"flex-basis:100%\">\n<p>Samas \u0410\u043a\u0446\u0438\u043e\u043d\u0435\u0440\u043d\u043e\u0435 \u043e\u0431\u0449\u0435\u0441\u0442\u0432\u043e \u0432\u043d\u0443\u0442\u0440\u0435\u043d\u043d\u0435\u0439 \u0438 \u0432\u043d\u0435\u0448\u043d\u0435\u0439 \u0442\u043e\u0440\u0433\u043e\u0432\u043b\u0438 \u043f\u0440\u043e\u043c\u044b\u0448\u043b\u0435\u043d\u043d\u044b\u043c\u0438 \u0442\u043e\u0432\u0430\u0440\u0430\u043c\u0438, \u043e\u0441\u0443\u0449\u0435\u0441\u0442\u0432\u043b\u044f\u044e\u0449\u0435\u0435 \u0432\u043d\u0435\u0448\u043d\u044e\u044e \u0442\u043e\u0440\u0433\u043e\u0432\u043b\u044e Bulut Mobilya, \u043e\u0434\u043d\u043e\u0433\u043e \u0438\u0437 \u0443\u0432\u0430\u0436\u0430\u0435\u043c\u044b\u0445 \u043f\u0440\u043e\u0438\u0437\u0432\u043e\u0434\u0438\u0442\u0435\u043b\u0435\u0439 \u043c\u0435\u0431\u0435\u043b\u0438 \u0432 \u0410\u043d\u043a\u0430\u0440\u0435, \u043e\u0441\u043d\u043e\u0432\u0430\u043d\u043d\u043e\u0433\u043e \u0432 \u0441\u0435\u0440\u0435\u0434\u0438\u043d\u0435 1950-\u0445 \u0433\u043e\u0434\u043e\u0432, \u0438 Bulut \u0130\u015fkence, \u043e\u0441\u043d\u043e\u0432\u0430\u043d\u043d\u043e\u0433\u043e \u0432 1973 \u0433\u043e\u0434\u0443 \u0438 \u0434\u043e\u043b\u0433\u043e\u0435 \u0432\u0440\u0435\u043c\u044f \u0437\u0430\u043d\u0438\u043c\u0430\u043b\u0441\u044f \u043f\u0440\u043e\u0438\u0437\u0432\u043e\u0434\u0441\u0442\u0432\u043e\u043c \u0441\u0442\u043e\u043b\u044f\u0440\u043d\u044b\u0445 \u043f\u044b\u0442\u043e\u043a \u0432 \u0410\u043d\u043a\u0430\u0440\u0435 \u0438 \u043d\u0430\u0447\u0430\u043b \u0441\u0432\u043e\u0439 \u043f\u0443\u0442\u044c. \u0411\u043b\u0430\u0433\u043e\u0434\u0430\u0440\u044f \u043d\u0430\u0448\u0438\u043c \u0434\u043e\u0441\u0442\u0438\u0436\u0435\u043d\u0438\u044f\u043c \u0438 \u043e\u043f\u044b\u0442\u0443 \u0432 2020 \u0433\u043e\u0434\u0443 \u043e\u043d\u0430 \u043f\u0440\u0435\u0432\u0440\u0430\u0442\u0438\u043b\u0430\u0441\u044c \u0432 \u043d\u0435\u0437\u0430\u0432\u0438\u0441\u0438\u043c\u0443\u044e \u0442\u043e\u0440\u0433\u043e\u0432\u043e-\u043a\u043e\u043d\u0441\u0430\u043b\u0442\u0438\u043d\u0433\u043e\u0432\u0443\u044e \u043a\u043e\u043c\u043f\u0430\u043d\u0438\u044e \u043f\u043e \u0442\u0440\u0435\u0431\u043e\u0432\u0430\u043d\u0438\u044f\u043c \u043d\u0430\u0448\u0435\u0439 \u043e\u043a\u0440\u0443\u0436\u0430\u044e\u0449\u0435\u0439 \u0441\u0440\u0435\u0434\u044b.<\/p>\n<\/div>\n<\/div>\n\n\n\n<p>\u0421\u0435\u0433\u043e\u0434\u043d\u044f, \u043f\u043e \u0442\u0440\u0435\u0431\u043e\u0432\u0430\u043d\u0438\u044e \u043d\u0430\u0448\u0438\u0445 \u043a\u043b\u0438\u0435\u043d\u0442\u043e\u0432-\u0438\u043c\u043f\u043e\u0440\u0442\u0435\u0440\u043e\u0432, \u043c\u044b \u043f\u0440\u043e\u0432\u043e\u0434\u0438\u043c \u0438\u0441\u0441\u043b\u0435\u0434\u043e\u0432\u0430\u043d\u0438\u044f \u0440\u044b\u043d\u043a\u0430 \u0438\u043c\u043f\u043e\u0440\u0442\u0438\u0440\u0443\u0435\u043c\u043e\u0439 \u043f\u0440\u043e\u0434\u0443\u043a\u0446\u0438\u0438 \u0438 \u043e\u0442\u0441\u043b\u0435\u0436\u0438\u0432\u0430\u0435\u043c \u0432\u0441\u0435 \u043b\u043e\u0433\u0438\u0441\u0442\u0438\u0447\u0435\u0441\u043a\u0438\u0435 \u0438 \u0442\u0430\u043c\u043e\u0436\u0435\u043d\u043d\u044b\u0435 \u0434\u0435\u0439\u0441\u0442\u0432\u0438\u044f, \u0441\u0432\u044f\u0437\u0430\u043d\u043d\u044b\u0435 \u0441 \u0432\u044b\u0431\u0440\u0430\u043d\u043d\u043e\u0439 \u043f\u0440\u043e\u0434\u0443\u043a\u0446\u0438\u0435\u0439. \u041c\u044b \u043e\u0441\u0443\u0449\u0435\u0441\u0442\u0432\u043b\u044f\u0435\u043c \u043f\u0440\u043e\u0446\u0435\u0441\u0441 \u0438\u043c\u043f\u043e\u0440\u0442\u0430 \u043e\u0442 \u043d\u0430\u0447\u0430\u043b\u0430 \u0434\u043e \u043a\u043e\u043d\u0446\u0430. \u041a\u0440\u043e\u043c\u0435 \u0442\u043e\u0433\u043e, \u043c\u044b \u043f\u0440\u0435\u0434\u043b\u0430\u0433\u0430\u0435\u043c \u0442\u0430\u043a\u0438\u0435 \u0443\u0441\u043b\u0443\u0433\u0438, \u043a\u0430\u043a \u0438\u0441\u0441\u043b\u0435\u0434\u043e\u0432\u0430\u043d\u0438\u0435 \u043c\u0435\u0436\u0434\u0443\u043d\u0430\u0440\u043e\u0434\u043d\u043e\u0433\u043e \u0440\u044b\u043d\u043a\u0430, \u0441\u043e\u0437\u0434\u0430\u043d\u0438\u0435 \u043f\u043e\u0440\u0442\u0444\u0435\u043b\u044f \u043a\u043b\u0438\u0435\u043d\u0442\u043e\u0432, \u0430 \u0442\u0430\u043a\u0436\u0435 \u043f\u0440\u043e\u0432\u0435\u0434\u0435\u043d\u0438\u0435 \u043b\u043e\u0433\u0438\u0441\u0442\u0438\u0447\u0435\u0441\u043a\u0438\u0445 \u0438 \u0442\u0430\u043c\u043e\u0436\u0435\u043d\u043d\u044b\u0445 \u043f\u0440\u043e\u0446\u0435\u0434\u0443\u0440 \u0434\u043b\u044f \u043d\u0430\u0448\u0438\u0445 \u043a\u043b\u0438\u0435\u043d\u0442\u043e\u0432, \u043a\u043e\u0442\u043e\u0440\u044b\u0435 \u0445\u043e\u0442\u044f\u0442 \u044d\u043a\u0441\u043f\u043e\u0440\u0442\u0438\u0440\u043e\u0432\u0430\u0442\u044c \u0441\u0432\u043e\u044e \u043f\u0440\u043e\u0434\u0443\u043a\u0446\u0438\u044e.<\/p>\n\n\n\n<p><\/p>\n<\/div>\n\n\n\n<div class=\"wp-block-group alignwide is-vertical is-layout-flex wp-container-core-group-is-layout-8cf370e7 wp-block-group-is-layout-flex\">\n<h2 class=\"wp-block-heading\" style=\"font-size:40px\">\u041d\u0430\u0448\u0430 \u043c\u0438\u0441\u0441\u0438\u044f<\/h2>\n\n\n\n<p>\u041d\u0430\u0448\u0430 \u043c\u0438\u0441\u0441\u0438\u044f \u2013 \u043d\u0438\u043a\u043e\u0433\u0434\u0430 \u043d\u0435 \u0440\u0430\u0437\u043e\u0447\u0430\u0440\u043e\u0432\u044b\u0432\u0430\u0442\u044c \u0434\u043e\u0432\u0435\u0440\u0438\u0435 \u043d\u0430\u0448\u0438\u0445 \u043a\u043b\u0438\u0435\u043d\u0442\u043e\u0432, \u0438 \u043c\u044b \u0441\u0442\u0440\u0435\u043c\u0438\u043c\u0441\u044f \u043f\u0440\u0435\u0432\u0437\u043e\u0439\u0442\u0438 \u043e\u0436\u0438\u0434\u0430\u043d\u0438\u044f \u043d\u0430\u0448\u0438\u0445 \u043a\u043b\u0438\u0435\u043d\u0442\u043e\u0432, \u043a\u043e\u0442\u043e\u0440\u044b\u0435 \u0434\u043e\u0432\u0435\u0440\u0438\u043b\u0438\u0441\u044c \u043d\u0430\u043c \u0438 \u043f\u0440\u0435\u0434\u043f\u043e\u0447\u043b\u0438 \u043d\u0430\u0441. \u041c\u044b \u0432\u0441\u0435\u0433\u0434\u0430 \u0441\u0442\u0440\u0435\u043c\u0438\u043c\u0441\u044f \u043f\u043e\u0434\u0434\u0435\u0440\u0436\u0438\u0432\u0430\u0442\u044c \u0443\u0434\u043e\u0432\u043b\u0435\u0442\u0432\u043e\u0440\u0435\u043d\u043d\u043e\u0441\u0442\u044c \u043a\u043b\u0438\u0435\u043d\u0442\u043e\u0432 \u043d\u0430 \u0441\u0430\u043c\u043e\u043c \u0432\u044b\u0441\u043e\u043a\u043e\u043c \u0443\u0440\u043e\u0432\u043d\u0435 \u0438 \u0432 \u044d\u0442\u043e\u043c \u043d\u0430\u043f\u0440\u0430\u0432\u043b\u0435\u043d\u0438\u0438 \u0440\u0430\u0431\u043e\u0442\u0430\u0435\u043c \u043d\u0430\u0434 \u0442\u0435\u043c, \u0447\u0442\u043e\u0431\u044b \u043f\u043e\u043d\u044f\u0442\u044c \u043f\u043e\u0442\u0440\u0435\u0431\u043d\u043e\u0441\u0442\u0438 \u043a\u0430\u0436\u0434\u043e\u0433\u043e \u043d\u0430\u0448\u0435\u0433\u043e \u043a\u043b\u0438\u0435\u043d\u0442\u0430 \u0438 \u043f\u0440\u0435\u0434\u043b\u043e\u0436\u0438\u0442\u044c \u043b\u0443\u0447\u0448\u0438\u0435 \u0440\u0435\u0448\u0435\u043d\u0438\u044f.<\/p>\n<\/div>\n\n\n\n<p><\/p>\n\n\n<\/div>\n<\/div>\n<\/div>\n<\/div>\n<\/div>\n<\/div>\n<\/div>\n<\/div>\n<\/div>\n<\/div>","protected":false},"excerpt":{"rendered":"<p>Hakk\u0131m\u0131zda Biz kimiz? Samas End\u00fcstriyel \u00dcr\u00fcnler \u0130\u00e7 ve D\u0131\u015f Ticaret Anonim \u015eirketi 1950&#8217;lerin ortalar\u0131nda kurulmu\u015f olan Ankara&#8217;n\u0131n sayg\u0131n mobilya imalat\u00e7\u0131lar\u0131ndan olan Bulut Mobilya&#8217;n\u0131n ve 1973 y\u0131l\u0131nda kurulmu\u015f yine uzun bir d\u00f6nem Ankara&#8217;da marangoz i\u015fkencesi imalat\u0131 yapm\u0131\u015f olan Bulut \u0130\u015fkence&#8217;nin yurt d\u0131\u015f\u0131 ticaretlerini y\u00fcr\u00fcterek yolculu\u011funa ba\u015flam\u0131\u015ft\u0131r. Kazan\u0131mlar\u0131m\u0131zdan ve deneyimimizden dolay\u0131 \u00e7evremizden gelen talepler \u00fczerine 2020 y\u0131l\u0131nda [&hellip;]<\/p>\n","protected":false},"author":1,"featured_media":0,"parent":0,"menu_order":1,"comment_status":"closed","ping_status":"closed","template":"page-templates\/full-width-page.php","meta":{"footnotes":""},"class_list":["post-95","page","type-page","status-publish","hentry"],"_links":{"self":[{"href":"https:\/\/samasinc.com\/ru\/wp-json\/wp\/v2\/pages\/95","targetHints":{"allow":["GET"]}}],"collection":[{"href":"https:\/\/samasinc.com\/ru\/wp-json\/wp\/v2\/pages"}],"about":[{"href":"https:\/\/samasinc.com\/ru\/wp-json\/wp\/v2\/types\/page"}],"author":[{"embeddable":true,"href":"https:\/\/samasinc.com\/ru\/wp-json\/wp\/v2\/users\/1"}],"replies":[{"embeddable":true,"href":"https:\/\/samasinc.com\/ru\/wp-json\/wp\/v2\/comments?post=95"}],"version-history":[{"count":8,"href":"https:\/\/samasinc.com\/ru\/wp-json\/wp\/v2\/pages\/95\/revisions"}],"predecessor-version":[{"id":3541,"href":"https:\/\/samasinc.com\/ru\/wp-json\/wp\/v2\/pages\/95\/revisions\/3541"}],"wp:attachment":[{"href":"https:\/\/samasinc.com\/ru\/wp-json\/wp\/v2\/media?parent=95"}],"curies":[{"name":"WP","href":"https:\/\/api.w.org\/{rel}","templated":true}]}}