{"id":4643,"date":"2025-02-19T13:11:00","date_gmt":"2025-02-19T13:11:00","guid":{"rendered":"https:\/\/samasinc.com\/?page_id=4643"},"modified":"2025-02-27T17:37:32","modified_gmt":"2025-02-27T17:37:32","slug":"kuvars-levha","status":"publish","type":"page","link":"https:\/\/samasinc.com\/tr\/faaliyet-alanlarimiz\/kuvars-levha\/","title":{"rendered":"Kuvars Levha"},"content":{"rendered":"<div data-colibri-id=\"4643-c1\" class=\"style-1084 style-local-4643-c1 position-relative\">\n  <!---->\n  <div data-colibri-component=\"section\" data-colibri-id=\"4643-c2\" id=\"content\" class=\"h-section h-section-global-spacing d-flex align-items-lg-center align-items-md-center align-items-center style-1142 style-local-4643-c2 position-relative\">\n    <!---->\n    <!---->\n    <div class=\"h-section-grid-container h-section-fluid-container\">\n      <!---->\n      <div data-colibri-id=\"4643-c3\" class=\"h-row-container gutters-row-lg-2 gutters-row-md-2 gutters-row-2 gutters-row-v-lg-2 gutters-row-v-md-2 gutters-row-v-2 style-1143 style-local-4643-c3 position-relative\">\n        <!---->\n        <div class=\"h-row justify-content-lg-center justify-content-md-center justify-content-center align-items-lg-stretch align-items-md-stretch align-items-stretch gutters-col-lg-2 gutters-col-md-2 gutters-col-2 gutters-col-v-lg-2 gutters-col-v-md-2 gutters-col-v-2\">\n          <!---->\n          <div class=\"h-column h-column-container d-flex h-col-lg-auto h-col-md-auto h-col-auto style-1146-outer style-local-4643-c4-outer\">\n            <div data-colibri-id=\"4643-c4\" class=\"d-flex h-flex-basis h-column__inner h-px-lg-0 h-px-md-0 h-px-2 v-inner-lg-0 v-inner-md-0 v-inner-2 style-1146 style-local-4643-c4 position-relative\">\n              <!---->\n              <!---->\n              <div class=\"w-100 h-y-container h-column__content h-column__v-align flex-basis-100 align-self-lg-center align-self-md-center align-self-center\">\n                <!---->\n                <div data-colibri-id=\"4643-c5\" class=\"h-global-transition-all h-heading style-1147 style-local-4643-c5 position-relative h-element\">\n                  <!---->\n                  <div class=\"h-heading__outer style-1147 style-local-4643-c5\">\n                    <!---->\n                    <!---->\n                    <h1 class=\"\">Kuvars<\/h1>\n                  <\/div>\n                <\/div>\n              <\/div>\n            <\/div>\n          <\/div>\n        <\/div>\n      <\/div>\n    <\/div>\n  <\/div>\n  <div data-colibri-component=\"section\" data-colibri-id=\"4643-c6\" id=\"about\" class=\"h-section h-section-global-spacing d-flex align-items-lg-center align-items-md-center align-items-center style-1135 style-local-4643-c6 position-relative\">\n    <!---->\n    <!---->\n    <div class=\"h-section-grid-container h-section-fluid-container\">\n      <!---->\n      <div data-colibri-id=\"4643-c7\" class=\"h-row-container gutters-row-lg-0 gutters-row-md-0 gutters-row-0 gutters-row-v-lg-0 gutters-row-v-md-0 gutters-row-v-0 style-1136 style-local-4643-c7 position-relative\">\n        <!---->\n        <div class=\"h-row justify-content-lg-center justify-content-md-center justify-content-center align-items-lg-stretch align-items-md-stretch align-items-stretch gutters-col-lg-0 gutters-col-md-0 gutters-col-0 gutters-col-v-lg-0 gutters-col-v-md-0 gutters-col-v-0\">\n          <!---->\n          <div class=\"h-column h-column-container d-flex h-col-lg-auto h-col-md-auto h-col-auto style-1137-outer style-local-4643-c8-outer\">\n            <div data-colibri-id=\"4643-c8\" class=\"d-flex h-flex-basis h-column__inner h-ui-empty-state-container h-px-lg-0 h-px-md-0 h-px-0 v-inner-lg-0 v-inner-md-0 v-inner-0 style-1137 style-local-4643-c8 position-relative\">\n              <!---->\n              <!---->\n              <div class=\"w-100 h-y-container h-column__content h-column__v-align flex-basis-100\">\n                <!---->\n              <\/div>\n            <\/div>\n          <\/div>\n          <div class=\"h-column h-column-container d-flex h-col-lg-auto h-col-md-auto h-col-auto style-1138-outer style-local-4643-c9-outer\">\n            <div data-colibri-id=\"4643-c9\" class=\"d-flex h-flex-basis h-column__inner h-px-lg-2 h-px-md-2 h-px-2 v-inner-lg-2 v-inner-md-2 v-inner-2 style-1138 style-local-4643-c9 position-relative\">\n              <!---->\n              <!---->\n              <div class=\"w-100 h-y-container h-column__content h-column__v-align flex-basis-100 align-self-lg-start align-self-md-start align-self-start\">\n                <!---->\n                <div data-colibri-id=\"4643-c10\" class=\"h-text h-text-component style-1141 style-local-4643-c10 position-relative h-element\">\n                  <!---->\n                  <!---->\n                  <div class=\"\">\n                    <p>Kuvars levhalar\u0131m\u0131z, \u00fcst\u00fcn kalite standartlar\u0131n\u0131 kar\u015f\u0131lamak \u00fczere titizlikle se\u00e7ilmi\u015f do\u011fal minerallerin, modern \u00fcretim teknikleriyle bulu\u015fmas\u0131 sonucu ortaya \u00e7\u0131kmaktad\u0131r.<\/p>\n                    <p> Her par\u00e7a, estetik zarafeti ve fonksiyonelli\u011fi bir araya getirirken, ya\u015fam alanlar\u0131n\u0131zda uzun \u00f6m\u00fcrl\u00fc dayan\u0131kl\u0131l\u0131k ve hijyenik bir g\u00f6r\u00fcn\u00fcm sunmay\u0131 hedefliyoruz.<\/p>\n                    <p>Profesyonel yakla\u015f\u0131m\u0131m\u0131zla, mekanlar\u0131n\u0131za de\u011fer katacak \u00e7\u00f6z\u00fcmler \u00fcretmeyi ilke edindik.<\/p>\n                    <p> Koleksiyonumuz, mutfak tezgahlar\u0131ndan banyolara, ofis ve ticari alanlardan \u00f6zel projelere kadar geni\u015f bir yelpazede uygulanabilir \u00f6zellikler ta\u015f\u0131yor. <\/p>\n                    <p>Geli\u015fmi\u015f teknolojik altyap\u0131m\u0131z sayesinde, her bir kuvars levha, sadece estetik a\u00e7\u0131dan de\u011fil; ayn\u0131 zamanda bak\u0131m kolayl\u0131\u011f\u0131 ve s\u00fcrd\u00fcr\u00fclebilir performans a\u00e7\u0131s\u0131ndan da beklentilerinizi fazlas\u0131yla kar\u015f\u0131layacak \u015fekilde tasarlad\u0131k.<\/p>\n                    <p>Kalite ve modernli\u011fi bir araya getiren bu \u00fcr\u00fcn yelpazemizi ke\u015ffederken, ya\u015fam alanlar\u0131n\u0131zda fark yaratan detaylar\u0131n ve \u015f\u0131kl\u0131\u011f\u0131n keyfini \u00e7\u0131karaca\u011f\u0131n\u0131za inan\u0131yoruz. <\/p>\n                    <p>Profesyonel ekibimiz, her t\u00fcrl\u00fc sorunuz ve ihtiya\u00e7lar\u0131n\u0131z i\u00e7in yan\u0131n\u0131zda olmaktan mutluluk duyar.<\/p>\n                  <\/div>\n                <\/div>\n              <\/div>\n            <\/div>\n          <\/div>\n        <\/div>\n      <\/div>\n    <\/div>\n  <\/div>\n  <div data-colibri-component=\"section\" data-colibri-id=\"4643-c11\" id=\"blog\" class=\"h-section h-section-global-spacing d-flex align-items-lg-center align-items-md-center align-items-center style-1113 style-local-4643-c11 position-relative\">\n    <!---->\n    <!---->\n    <div class=\"h-section-grid-container h-section-boxed-container\">\n      <div data-colibri-id=\"4643-c25\" class=\"h-row-container gutters-row-lg-2 gutters-row-md-2 gutters-row-2 gutters-row-v-lg-2 gutters-row-v-md-2 gutters-row-v-2 style-1127 style-local-4643-c25 position-relative\">\n        <!---->\n        <div class=\"h-row justify-content-lg-center justify-content-md-center justify-content-center align-items-lg-stretch align-items-md-stretch align-items-stretch gutters-col-lg-2 gutters-col-md-2 gutters-col-2 gutters-col-v-lg-2 gutters-col-v-md-2 gutters-col-v-2\">\n          <!---->\n          <div class=\"h-column h-column-container d-flex h-col-lg-auto h-col-md-auto h-col-auto style-1128-outer style-local-4643-c26-outer\">\n            <div data-colibri-id=\"4643-c26\" class=\"d-flex h-flex-basis h-column__inner h-px-lg-2 h-px-md-2 h-px-2 v-inner-lg-2 v-inner-md-2 v-inner-2 style-1128 style-local-4643-c26 position-relative\">\n              <!---->\n              <!---->\n              <div class=\"w-100 h-y-container h-column__content h-column__v-align flex-basis-100 align-self-lg-start align-self-md-start align-self-start\">\n                <!---->\n                <div data-colibri-id=\"4643-c27\" class=\"h-global-transition-all h-heading style-1129 style-local-4643-c27 position-relative h-element\">\n                  <!---->\n                  <div class=\"h-heading__outer style-1129 style-local-4643-c27\">\n                    <!---->\n                    <!---->\n                    <h2 class=\"\">G\u00fcncel Yaz\u0131lar\u0131m\u0131z<\/h2>\n                  <\/div>\n                <\/div>\n              <\/div>\n            <\/div>\n          <\/div>\n        <\/div>\n      <\/div>\n      <div data-colibri-id=\"4643-c12\" class=\"h-row-container gutters-row-lg-0 gutters-row-md-0 gutters-row-0 gutters-row-v-lg-0 gutters-row-v-md-0 gutters-row-v-0 style-1114 style-local-4643-c12 position-relative\">\n        <!---->\n        <div class=\"h-row justify-content-lg-center justify-content-md-center justify-content-center align-items-lg-stretch align-items-md-stretch align-items-stretch gutters-col-lg-0 gutters-col-md-0 gutters-col-0 gutters-col-v-lg-0 gutters-col-v-md-0 gutters-col-v-0\">\n          <!---->\n          <div class=\"h-column h-column-container d-flex h-col-lg-auto h-col-md-auto h-col-auto style-1115-outer style-local-4643-c13-outer\">\n            <div data-colibri-id=\"4643-c13\" class=\"d-flex h-flex-basis h-column__inner h-px-lg-0 h-px-md-0 h-px-0 v-inner-lg-0 v-inner-md-0 v-inner-0 style-1115 style-local-4643-c13 position-relative\">\n              <!---->\n              <!---->\n              <div class=\"w-100 h-y-container h-column__content h-column__v-align flex-basis-100 align-self-lg-start align-self-md-start align-self-start\">\n                <!---->\n                <div data-colibri-id=\"4643-c14\" class=\"h-row-container gutters-row-lg-2 gutters-row-md-2 gutters-row-2 gutters-row-v-lg-2 gutters-row-v-md-2 gutters-row-v-2 colibri-dynamic-list style-1116 style-local-4643-c14 position-relative\">\n                  <!---->\n                  <div data-colibri-component=\"\" class=\"h-row justify-content-lg-start justify-content-md-start justify-content-start align-items-lg-stretch align-items-md-stretch align-items-stretch gutters-col-lg-2 gutters-col-md-2 gutters-col-2 gutters-col-v-lg-2 gutters-col-v-md-2 gutters-col-v-2 style-1116-row style-local-4643-c14-row\">\n                    <!---->\n        <div class=\"h-column h-column-container d-flex h-col-lg-4 h-col-md-6 h-col-12 post-5835 post type-post status-publish format-standard hentry category-asansor-malzemeleri tag-asansor-bakim-stratejileri tag-asansor-tco-analizi tag-asansor-urunleri-tedarikcisi tag-asansor-yedek-parca tag-endustriyel-tedarik-cozumleri tag-enerji-verimli-motorlar tag-kullanim-omru tag-maliyet-optimizasyonu tag-samas-asansor tag-toplam-sahip-olma-maliyeti masonry-item style-1117-outer style-local-4643-c15-outer\"><div data-colibri-id=\"4643-c15\" class=\"d-flex h-flex-basis h-column__inner h-px-lg-2 h-px-md-2 h-px-2 v-inner-lg-2 v-inner-md-2 v-inner-2 style-1117 style-local-4643-c15 h-overflow-hidden position-relative\"> <div class=\"w-100 h-y-container h-column__content h-column__v-align flex-basis-100 align-self-lg-start align-self-md-start align-self-start\"> <div data-href=\"https:\/\/samasinc.com\/tr\/asansor-urunleri-tedarikcisi-tco-incelemesi\/\" data-colibri-component=\"link\" data-colibri-id=\"4643-c16\" class=\"colibri-post-thumbnail colibri-post-has-no-thumbnail colibri-post-thumbnail-has-placeholder style-1118 style-local-4643-c16 h-overflow-hidden position-relative h-element\"><div class=\"h-global-transition-all colibri-post-thumbnail-shortcode style-dynamic-4643-c16-height\"><\/div> <div class=\"colibri-post-thumbnail-content align-items-lg-center align-items-md-center align-items-center flex-basis-100\"><div class=\"w-100 h-y-container\"> <\/div><\/div><\/div><div data-colibri-id=\"4643-c17\" class=\"h-row-container gutters-row-lg-0 gutters-row-md-0 gutters-row-2 gutters-row-v-lg-0 gutters-row-v-md-0 gutters-row-v-0 style-1119 style-local-4643-c17 position-relative\"><div class=\"h-row justify-content-lg-center justify-content-md-center justify-content-center align-items-lg-stretch align-items-md-stretch align-items-stretch gutters-col-lg-0 gutters-col-md-0 gutters-col-2 gutters-col-v-lg-0 gutters-col-v-md-0 gutters-col-v-0\"> <div class=\"h-column h-column-container d-flex h-col-lg h-col-md h-col-auto style-1120-outer style-local-4643-c18-outer\"><div data-colibri-id=\"4643-c18\" class=\"d-flex h-flex-basis h-column__inner h-px-lg-3 h-px-md-3 h-px-3 v-inner-lg-3 v-inner-md-3 v-inner-3 style-1120 style-local-4643-c18 position-relative\"> <div class=\"w-100 h-y-container h-column__content h-column__v-align flex-basis-100 align-self-lg-start align-self-md-start align-self-start\"> <div data-colibri-id=\"4643-c19\" class=\"h-blog-categories style-1121 style-local-4643-c19 position-relative h-element\"><div class=\"h-global-transition-all\"><a class=\"d-inline-block colibri-post-category\" href=\"https:\/\/samasinc.com\/tr\/category\/asansor-malzemeleri\/\">Asans\u00f6r Malzemeleri<\/a><\/div><\/div><div data-colibri-id=\"4643-c20\" class=\"h-blog-title style-1122 style-local-4643-c20 position-relative h-element\"><div class=\"h-global-transition-all\"><a href=\"https:\/\/samasinc.com\/tr\/asansor-urunleri-tedarikcisi-tco-incelemesi\/\"><h4 class=\"colibri-word-wrap\">Asans\u00f6r \u00dcr\u00fcnleri Tedarik\u00e7isi: Kullan\u0131m \u00d6mr\u00fc ve TCO Analizi ile Do\u011fru Tercih Nas\u0131l Yap\u0131l\u0131r?<\/h4><\/a><\/div><\/div><div data-colibri-id=\"4643-c21\" class=\"h-blog-meta style-1123 style-local-4643-c21 position-relative h-element\"><div class=\"metadata-item\"><span class=\"metadata-prefix\">by<\/span> <a href=\"https:\/\/samasinc.com\/tr\/author\/bedirhanbulut\/\">samas<\/a> <span class=\"meta-separator\"><\/span><\/div><div class=\"metadata-item\"><span class=\"metadata-prefix\">on<\/span> <a href=\"https:\/\/samasinc.com\/tr\/2025\/11\/27\/\">Kas 27<\/a><\/div><\/div><div data-colibri-id=\"4643-c22\" class=\"style-1124 style-local-4643-c22 position-relative h-element\"><div class=\"h-global-transition-all\"><div class=\"colibri-post-excerpt\">Asans\u00f6r \u00dcr\u00fcnleri Tedarik\u00e7isi ve Kullan\u0131m \u00d6mr\u00fc ile TCO \u0130ncelemesi Yakla\u015f\u0131k okuma s\u00fcresi: [&hellip;]<\/div><\/div><\/div><div data-colibri-id=\"4643-c23\" class=\"h-x-container style-1125 style-local-4643-c23 position-relative h-element\"><div class=\"h-x-container-inner style-dynamic-4643-c23-group\"><span class=\"h-button__outer style-1126-outer style-local-4643-c24-outer d-inline-flex h-element\"><a href=\"https:\/\/samasinc.com\/tr\/asansor-urunleri-tedarikcisi-tco-incelemesi\/\" data-colibri-id=\"4643-c24\" class=\"d-flex w-100 align-items-center h-button justify-content-lg-center justify-content-md-center justify-content-center style-1126 style-local-4643-c24 position-relative\"> <span>Read more<\/span> <span class=\"h-svg-icon h-button__icon style-1126-icon style-local-4643-c24-icon\"><svg version=\"1.1\" xmlns=\"http:\/\/www.w3.org\/2000\/svg\" xmlns:xlink=\"http:\/\/www.w3.org\/1999\/xlink\" id=\"arrow-right\" viewBox=\"0 0 512 545.5\"><path d=\"M299.5 140.5l136 136 11 11.5-11 11.5-136 136-23-23L385 304H64v-32h321L276.5 163.5z\"><\/path><\/svg><\/span><\/a><\/span><\/div><\/div><\/div><\/div><\/div><\/div><\/div><\/div><\/div><\/div>\n      \n      \n        <div class=\"h-column h-column-container d-flex h-col-lg-4 h-col-md-6 h-col-12 post-5833 post type-post status-publish format-standard hentry category-asansor-malzemeleri tag-asansor-bakim-ve-onarim tag-asansor-modernizasyonu tag-asansor-parcalari tag-enerji-verimliligi tag-hiz-kontrol-suruculeri tag-kapi-operatorleri tag-led-kabin-aydinlatma tag-modernizasyon-maliyet-analizi tag-samas-asansor-cozumleri tag-surdurulebilir-bina-teknolojileri masonry-item style-1117-outer style-local-4643-c15-outer\"><div data-colibri-id=\"4643-c15\" class=\"d-flex h-flex-basis h-column__inner h-px-lg-2 h-px-md-2 h-px-2 v-inner-lg-2 v-inner-md-2 v-inner-2 style-1117 style-local-4643-c15 h-overflow-hidden position-relative\"> <div class=\"w-100 h-y-container h-column__content h-column__v-align flex-basis-100 align-self-lg-start align-self-md-start align-self-start\"> <div data-href=\"https:\/\/samasinc.com\/tr\/asansor-modernizasyon-parcalari-maliyet-fayda\/\" data-colibri-component=\"link\" data-colibri-id=\"4643-c16\" class=\"colibri-post-thumbnail colibri-post-has-no-thumbnail colibri-post-thumbnail-has-placeholder style-1118 style-local-4643-c16 h-overflow-hidden position-relative h-element\"><div class=\"h-global-transition-all colibri-post-thumbnail-shortcode style-dynamic-4643-c16-height\"><\/div> <div class=\"colibri-post-thumbnail-content align-items-lg-center align-items-md-center align-items-center flex-basis-100\"><div class=\"w-100 h-y-container\"> <\/div><\/div><\/div><div data-colibri-id=\"4643-c17\" class=\"h-row-container gutters-row-lg-0 gutters-row-md-0 gutters-row-2 gutters-row-v-lg-0 gutters-row-v-md-0 gutters-row-v-0 style-1119 style-local-4643-c17 position-relative\"><div class=\"h-row justify-content-lg-center justify-content-md-center justify-content-center align-items-lg-stretch align-items-md-stretch align-items-stretch gutters-col-lg-0 gutters-col-md-0 gutters-col-2 gutters-col-v-lg-0 gutters-col-v-md-0 gutters-col-v-0\"> <div class=\"h-column h-column-container d-flex h-col-lg h-col-md h-col-auto style-1120-outer style-local-4643-c18-outer\"><div data-colibri-id=\"4643-c18\" class=\"d-flex h-flex-basis h-column__inner h-px-lg-3 h-px-md-3 h-px-3 v-inner-lg-3 v-inner-md-3 v-inner-3 style-1120 style-local-4643-c18 position-relative\"> <div class=\"w-100 h-y-container h-column__content h-column__v-align flex-basis-100 align-self-lg-start align-self-md-start align-self-start\"> <div data-colibri-id=\"4643-c19\" class=\"h-blog-categories style-1121 style-local-4643-c19 position-relative h-element\"><div class=\"h-global-transition-all\"><a class=\"d-inline-block colibri-post-category\" href=\"https:\/\/samasinc.com\/tr\/category\/asansor-malzemeleri\/\">Asans\u00f6r Malzemeleri<\/a><\/div><\/div><div data-colibri-id=\"4643-c20\" class=\"h-blog-title style-1122 style-local-4643-c20 position-relative h-element\"><div class=\"h-global-transition-all\"><a href=\"https:\/\/samasinc.com\/tr\/asansor-modernizasyon-parcalari-maliyet-fayda\/\"><h4 class=\"colibri-word-wrap\">Asans\u00f6r Modernizasyon Par\u00e7alar\u0131: Maliyet ve Fayda Analizi<\/h4><\/a><\/div><\/div><div data-colibri-id=\"4643-c21\" class=\"h-blog-meta style-1123 style-local-4643-c21 position-relative h-element\"><div class=\"metadata-item\"><span class=\"metadata-prefix\">by<\/span> <a href=\"https:\/\/samasinc.com\/tr\/author\/bedirhanbulut\/\">samas<\/a> <span class=\"meta-separator\"><\/span><\/div><div class=\"metadata-item\"><span class=\"metadata-prefix\">on<\/span> <a href=\"https:\/\/samasinc.com\/tr\/2025\/11\/25\/\">Kas 25<\/a><\/div><\/div><div data-colibri-id=\"4643-c22\" class=\"style-1124 style-local-4643-c22 position-relative h-element\"><div class=\"h-global-transition-all\"><div class=\"colibri-post-excerpt\">Asans\u00f6r Modernizasyon Par\u00e7alar\u0131: Maliyet ve Fayda Analizi Yakla\u015f\u0131k okuma s\u00fcresi: 7 dakika [&hellip;]<\/div><\/div><\/div><div data-colibri-id=\"4643-c23\" class=\"h-x-container style-1125 style-local-4643-c23 position-relative h-element\"><div class=\"h-x-container-inner style-dynamic-4643-c23-group\"><span class=\"h-button__outer style-1126-outer style-local-4643-c24-outer d-inline-flex h-element\"><a href=\"https:\/\/samasinc.com\/tr\/asansor-modernizasyon-parcalari-maliyet-fayda\/\" data-colibri-id=\"4643-c24\" class=\"d-flex w-100 align-items-center h-button justify-content-lg-center justify-content-md-center justify-content-center style-1126 style-local-4643-c24 position-relative\"> <span>Read more<\/span> <span class=\"h-svg-icon h-button__icon style-1126-icon style-local-4643-c24-icon\"><svg version=\"1.1\" xmlns=\"http:\/\/www.w3.org\/2000\/svg\" xmlns:xlink=\"http:\/\/www.w3.org\/1999\/xlink\" id=\"arrow-right\" viewBox=\"0 0 512 545.5\"><path d=\"M299.5 140.5l136 136 11 11.5-11 11.5-136 136-23-23L385 304H64v-32h321L276.5 163.5z\"><\/path><\/svg><\/span><\/a><\/span><\/div><\/div><\/div><\/div><\/div><\/div><\/div><\/div><\/div><\/div>\n      \n      \n        <div class=\"h-column h-column-container d-flex h-col-lg-4 h-col-md-6 h-col-12 post-5820 post type-post status-publish format-standard hentry category-kuvars-levha tag-banyo-dekorasyonu tag-dayanikli-yuzeyler tag-kalite-standartlari tag-kuvars-plaka tag-montaj-hizmeti tag-mutfak-tezgahlari tag-ticari-alan-tasarimi tag-ucretsiz-numune-samastedarikci tag-yerinde-kesif masonry-item style-1117-outer style-local-4643-c15-outer\"><div data-colibri-id=\"4643-c15\" class=\"d-flex h-flex-basis h-column__inner h-px-lg-2 h-px-md-2 h-px-2 v-inner-lg-2 v-inner-md-2 v-inner-2 style-1117 style-local-4643-c15 h-overflow-hidden position-relative\"> <div class=\"w-100 h-y-container h-column__content h-column__v-align flex-basis-100 align-self-lg-start align-self-md-start align-self-start\"> <div data-href=\"https:\/\/samasinc.com\/tr\/kuvars-plaka-tedarikcisi-dogru-secim\/\" data-colibri-component=\"link\" data-colibri-id=\"4643-c16\" class=\"colibri-post-thumbnail colibri-post-has-no-thumbnail colibri-post-thumbnail-has-placeholder style-1118 style-local-4643-c16 h-overflow-hidden position-relative h-element\"><div class=\"h-global-transition-all colibri-post-thumbnail-shortcode style-dynamic-4643-c16-height\"><\/div> <div class=\"colibri-post-thumbnail-content align-items-lg-center align-items-md-center align-items-center flex-basis-100\"><div class=\"w-100 h-y-container\"> <\/div><\/div><\/div><div data-colibri-id=\"4643-c17\" class=\"h-row-container gutters-row-lg-0 gutters-row-md-0 gutters-row-2 gutters-row-v-lg-0 gutters-row-v-md-0 gutters-row-v-0 style-1119 style-local-4643-c17 position-relative\"><div class=\"h-row justify-content-lg-center justify-content-md-center justify-content-center align-items-lg-stretch align-items-md-stretch align-items-stretch gutters-col-lg-0 gutters-col-md-0 gutters-col-2 gutters-col-v-lg-0 gutters-col-v-md-0 gutters-col-v-0\"> <div class=\"h-column h-column-container d-flex h-col-lg h-col-md h-col-auto style-1120-outer style-local-4643-c18-outer\"><div data-colibri-id=\"4643-c18\" class=\"d-flex h-flex-basis h-column__inner h-px-lg-3 h-px-md-3 h-px-3 v-inner-lg-3 v-inner-md-3 v-inner-3 style-1120 style-local-4643-c18 position-relative\"> <div class=\"w-100 h-y-container h-column__content h-column__v-align flex-basis-100 align-self-lg-start align-self-md-start align-self-start\"> <div data-colibri-id=\"4643-c19\" class=\"h-blog-categories style-1121 style-local-4643-c19 position-relative h-element\"><div class=\"h-global-transition-all\"><a class=\"d-inline-block colibri-post-category\" href=\"https:\/\/samasinc.com\/tr\/category\/kuvars-levha\/\">Kuvars Levha<\/a><\/div><\/div><div data-colibri-id=\"4643-c20\" class=\"h-blog-title style-1122 style-local-4643-c20 position-relative h-element\"><div class=\"h-global-transition-all\"><a href=\"https:\/\/samasinc.com\/tr\/kuvars-plaka-tedarikcisi-dogru-secim\/\"><h4 class=\"colibri-word-wrap\">Kuvars Plaka Tedarik\u00e7isi: Projeniz \u0130\u00e7in Do\u011fru Se\u00e7imi Yap\u0131n<\/h4><\/a><\/div><\/div><div data-colibri-id=\"4643-c21\" class=\"h-blog-meta style-1123 style-local-4643-c21 position-relative h-element\"><div class=\"metadata-item\"><span class=\"metadata-prefix\">by<\/span> <a href=\"https:\/\/samasinc.com\/tr\/author\/bedirhanbulut\/\">samas<\/a> <span class=\"meta-separator\"><\/span><\/div><div class=\"metadata-item\"><span class=\"metadata-prefix\">on<\/span> <a href=\"https:\/\/samasinc.com\/tr\/2025\/11\/20\/\">Kas 20<\/a><\/div><\/div><div data-colibri-id=\"4643-c22\" class=\"style-1124 style-local-4643-c22 position-relative h-element\"><div class=\"h-global-transition-all\"><div class=\"colibri-post-excerpt\">Kuvars Plaka Tedarik\u00e7isi: Projeniz \u0130\u00e7in Do\u011fru Se\u00e7imi Yap\u0131n Yakla\u015f\u0131k okuma s\u00fcresi: 8 [&hellip;]<\/div><\/div><\/div><div data-colibri-id=\"4643-c23\" class=\"h-x-container style-1125 style-local-4643-c23 position-relative h-element\"><div class=\"h-x-container-inner style-dynamic-4643-c23-group\"><span class=\"h-button__outer style-1126-outer style-local-4643-c24-outer d-inline-flex h-element\"><a href=\"https:\/\/samasinc.com\/tr\/kuvars-plaka-tedarikcisi-dogru-secim\/\" data-colibri-id=\"4643-c24\" class=\"d-flex w-100 align-items-center h-button justify-content-lg-center justify-content-md-center justify-content-center style-1126 style-local-4643-c24 position-relative\"> <span>Read more<\/span> <span class=\"h-svg-icon h-button__icon style-1126-icon style-local-4643-c24-icon\"><svg version=\"1.1\" xmlns=\"http:\/\/www.w3.org\/2000\/svg\" xmlns:xlink=\"http:\/\/www.w3.org\/1999\/xlink\" id=\"arrow-right\" viewBox=\"0 0 512 545.5\"><path d=\"M299.5 140.5l136 136 11 11.5-11 11.5-136 136-23-23L385 304H64v-32h321L276.5 163.5z\"><\/path><\/svg><\/span><\/a><\/span><\/div><\/div><\/div><\/div><\/div><\/div><\/div><\/div><\/div><\/div>\n      \n      \n                    <\/div>\n                <\/div>\n              <\/div>\n            <\/div>\n          <\/div>\n        <\/div>\n      <\/div>\n    <\/div>\n  <\/div>\n<\/div>","protected":false},"excerpt":{"rendered":"<p>Kuvars Kuvars levhalar\u0131m\u0131z, \u00fcst\u00fcn kalite standartlar\u0131n\u0131 kar\u015f\u0131lamak \u00fczere titizlikle se\u00e7ilmi\u015f do\u011fal minerallerin, [&hellip;]<\/p>\n","protected":false},"author":1,"featured_media":0,"parent":326,"menu_order":4,"comment_status":"closed","ping_status":"closed","template":"page-templates\/full-width-page.php","meta":{"footnotes":""},"class_list":["post-4643","page","type-page","status-publish","hentry"],"_links":{"self":[{"href":"https:\/\/samasinc.com\/tr\/wp-json\/wp\/v2\/pages\/4643","targetHints":{"allow":["GET"]}}],"collection":[{"href":"https:\/\/samasinc.com\/tr\/wp-json\/wp\/v2\/pages"}],"about":[{"href":"https:\/\/samasinc.com\/tr\/wp-json\/wp\/v2\/types\/page"}],"author":[{"embeddable":true,"href":"https:\/\/samasinc.com\/tr\/wp-json\/wp\/v2\/users\/1"}],"replies":[{"embeddable":true,"href":"https:\/\/samasinc.com\/tr\/wp-json\/wp\/v2\/comments?post=4643"}],"version-history":[{"count":4,"href":"https:\/\/samasinc.com\/tr\/wp-json\/wp\/v2\/pages\/4643\/revisions"}],"predecessor-version":[{"id":4691,"href":"https:\/\/samasinc.com\/tr\/wp-json\/wp\/v2\/pages\/4643\/revisions\/4691"}],"up":[{"embeddable":true,"href":"https:\/\/samasinc.com\/tr\/wp-json\/wp\/v2\/pages\/326"}],"wp:attachment":[{"href":"https:\/\/samasinc.com\/tr\/wp-json\/wp\/v2\/media?parent=4643"}],"curies":[{"name":"wp","href":"https:\/\/api.w.org\/{rel}","templated":true}]}}