{"id":95,"date":"2022-08-23T10:51:13","date_gmt":"2022-08-23T10:51:13","guid":{"rendered":"https:\/\/samasinc.com\/?page_id=95"},"modified":"2025-10-05T14:19:15","modified_gmt":"2025-10-05T14:19:15","slug":"hakkimizda","status":"publish","type":"page","link":"https:\/\/samasinc.com\/tr\/hakkimizda\/","title":{"rendered":"Hakk\u0131m\u0131zda"},"content":{"rendered":"<div data-colibri-id=\"95-c1\" class=\"style-618 style-local-95-c1 position-relative\">\n  <!----><\/p>\n<div data-colibri-component=\"section\" data-colibri-id=\"95-c2\" id=\"content\" class=\"h-section h-section-global-spacing d-flex align-items-lg-center align-items-md-center align-items-center style-623 style-local-95-c2 position-relative\">\n    <!----><br \/>\n    <!----><\/p>\n<div class=\"h-section-grid-container h-section-boxed-container\">\n<div data-colibri-id=\"95-c5\" class=\"h-row-container gutters-row-lg-2 gutters-row-md-2 gutters-row-2 gutters-row-v-lg-2 gutters-row-v-md-2 gutters-row-v-2 style-627 style-local-95-c5 position-relative\">\n        <!----><\/p>\n<div class=\"h-row justify-content-lg-center justify-content-md-center justify-content-center align-items-lg-stretch align-items-md-stretch align-items-stretch gutters-col-lg-2 gutters-col-md-2 gutters-col-2 gutters-col-v-lg-2 gutters-col-v-md-2 gutters-col-v-2\">\n          <!----><\/p>\n<div class=\"h-column h-column-container d-flex h-col-lg-auto h-col-md-auto h-col-auto style-628-outer style-local-95-c6-outer\">\n<div data-colibri-id=\"95-c6\" class=\"d-flex h-flex-basis h-column__inner h-ui-empty-state-container h-px-lg-2 h-px-md-2 h-px-0 v-inner-lg-2 v-inner-md-2 v-inner-0 style-628 style-local-95-c6 position-relative\">\n              <!----><br \/>\n              <!----><\/p>\n<div class=\"w-100 h-y-container h-column__content h-column__v-align flex-basis-100\">\n                <!---->\n              <\/div>\n<\/p>\n<\/div>\n<\/div>\n<\/div>\n<\/div>\n<div data-colibri-id=\"95-c3\" class=\"h-row-container gutters-row-lg-2 gutters-row-md-2 gutters-row-2 gutters-row-v-lg-2 gutters-row-v-md-2 gutters-row-v-2 style-624 style-local-95-c3 position-relative\">\n        <!----><\/p>\n<div class=\"h-row justify-content-lg-center justify-content-md-center justify-content-center align-items-lg-stretch align-items-md-stretch align-items-stretch gutters-col-lg-2 gutters-col-md-2 gutters-col-2 gutters-col-v-lg-2 gutters-col-v-md-2 gutters-col-v-2\">\n          <!----><\/p>\n<div class=\"h-column h-column-container d-flex h-col-lg-auto h-col-md-auto h-col-auto style-625-outer style-local-95-c4-outer\">\n<div data-colibri-id=\"95-c4\" class=\"d-flex h-flex-basis h-column__inner h-ui-empty-state-container h-px-lg-0 h-px-md-0 h-px-0 v-inner-lg-0 v-inner-md-0 v-inner-0 style-625 style-local-95-c4 position-relative\">\n              <!----><br \/>\n              <!----><\/p>\n<div class=\"w-100 h-y-container h-column__content h-column__v-align flex-basis-100\">\n                <!---->\n              <\/div>\n<\/p>\n<\/div>\n<\/div>\n<\/div>\n<\/div>\n<\/div>\n<\/div>\n<div data-colibri-component=\"section\" data-colibri-id=\"95-c7\" id=\"initial-content\" class=\"h-section h-section-global-spacing d-flex align-items-lg-center align-items-md-center align-items-center style-619 style-local-95-c7 position-relative\">\n    <!----><br \/>\n    <!----><\/p>\n<div class=\"h-section-grid-container h-section-boxed-container\">\n      <!----><\/p>\n<div data-colibri-id=\"95-c8\" class=\"h-row-container gutters-row-lg-2 gutters-row-md-2 gutters-row-0 gutters-row-v-lg-2 gutters-row-v-md-2 gutters-row-v-2 style-620 style-local-95-c8 position-relative\">\n        <!----><\/p>\n<div class=\"h-row justify-content-lg-center justify-content-md-center justify-content-center align-items-lg-stretch align-items-md-stretch align-items-stretch gutters-col-lg-2 gutters-col-md-2 gutters-col-0 gutters-col-v-lg-2 gutters-col-v-md-2 gutters-col-v-2\">\n          <!----><\/p>\n<div class=\"h-column h-column-container d-flex h-col-lg-auto h-col-md-auto h-col-auto style-621-outer style-local-95-c9-outer\">\n<div data-colibri-id=\"95-c9\" class=\"d-flex h-flex-basis h-column__inner h-px-lg-2 h-px-md-2 h-px-2 v-inner-lg-2 v-inner-md-2 v-inner-2 style-621 style-local-95-c9 position-relative\">\n              <!----><br \/>\n              <!----><\/p>\n<div class=\"w-100 h-y-container h-column__content h-column__v-align flex-basis-100 align-self-lg-start align-self-md-start align-self-start\">\n                <!----><\/p>\n<div data-colibri-id=\"95-c10\" class=\"style-622 style-local-95-c10 position-relative h-element\">\n                  <!----><\/p>\n<div>\n\n\n<h1 class=\"wp-block-heading has-text-align-left\" style=\"font-size:60px\">\n                      <mark style=\"background-color:rgba(0, 0, 0, 0)\" class=\"has-inline-color has-primary-color\">Hakk\u0131m\u0131zda<\/mark>\n                    <\/h1>\n\n\n\n<div class=\"wp-block-group alignwide is-vertical is-layout-flex wp-container-core-group-is-layout-8cf370e7 wp-block-group-is-layout-flex\">\n<h2 class=\"wp-block-heading\" style=\"font-size:40px\">Biz kimiz?<\/h2>\n\n\n\n<div class=\"wp-block-columns is-layout-flex wp-container-core-columns-is-layout-9d6595d7 wp-block-columns-is-layout-flex\">\n<div class=\"wp-block-column is-layout-flow wp-block-column-is-layout-flow\" style=\"flex-basis:100%\">\n<p>Samas End\u00fcstriyel \u00dcr\u00fcnler \u0130\u00e7 ve D\u0131\u015f Ticaret Anonim \u015eirketi 1950&#8217;lerin ortalar\u0131nda kurulmu\u015f olan Ankara&#8217;n\u0131n sayg\u0131n mobilya imalat\u00e7\u0131lar\u0131ndan olan Bulut Mobilya&#8217;n\u0131n ve 1973 y\u0131l\u0131nda kurulmu\u015f yine uzun bir d\u00f6nem Ankara&#8217;da marangoz i\u015fkencesi imalat\u0131 yapm\u0131\u015f olan Bulut \u0130\u015fkence&#8217;nin yurt d\u0131\u015f\u0131 ticaretlerini y\u00fcr\u00fcterek yolculu\u011funa ba\u015flam\u0131\u015ft\u0131r. Kazan\u0131mlar\u0131m\u0131zdan ve deneyimimizden dolay\u0131 \u00e7evremizden gelen talepler \u00fczerine 2020 y\u0131l\u0131nda ba\u011f\u0131ms\u0131z bir ticaret ve dan\u0131\u015fmanl\u0131k \u015firketine d\u00f6n\u00fc\u015fm\u00fc\u015ft\u00fcr.<\/p>\n<\/div>\n<\/div>\n\n\n\n<p>Bug\u00fcn, ithalat yapan m\u00fc\u015fterilerimizin talepleri \u00fczerine, ithal edilecek \u00fcr\u00fcnlerin piyasa \u00fczerindeki ara\u015ft\u0131rmas\u0131n\u0131 yaparak, \u00fczerinde karar k\u0131l\u0131nan \u00fcr\u00fcnlerin t\u00fcm lojistik ve g\u00fcmr\u00fck faaliyetlerini takip ediyoruz. \u0130thalat s\u00fcrecini ba\u015ftan sona y\u00fcr\u00fct\u00fcyoruz. Bununla beraber, kendi \u00fcr\u00fcnlerini ihra\u00e7 etmek isteyen m\u00fc\u015fterilerimiz i\u00e7in yurt d\u0131\u015f\u0131 pazar ara\u015ft\u0131rmas\u0131, m\u00fc\u015fteri portf\u00f6y\u00fc olu\u015fturma, lojistik ve g\u00fcmr\u00fck i\u015flemlerinin y\u00fcr\u00fct\u00fclmesi gibi hizmetler sunuyoruz.<\/p>\n\n\n\n<p><\/p>\n<\/div>\n\n\n\n<div class=\"wp-block-group alignwide is-vertical is-layout-flex wp-container-core-group-is-layout-8cf370e7 wp-block-group-is-layout-flex\">\n<h2 class=\"wp-block-heading\" style=\"font-size:40px\">Misyonumuz<\/h2>\n\n\n\n<p>Misyonumuz, m\u00fc\u015fterilerimizin bize olan g\u00fcvenini hi\u00e7bir ko\u015fulda bo\u015fa \u00e7\u0131karmamay\u0131 ve bize g\u00fcvenip bizi tercih etmi\u015f olan m\u00fc\u015fterilerimizin beklentilerini fazlas\u0131yla kar\u015f\u0131lamay\u0131 hedefliyoruz. M\u00fc\u015fteri memnuniyetini her zaman en \u00fcst d\u00fczeyde tutmay\u0131 ama\u00e7l\u0131yoruz ve bu do\u011frultuda, her bir m\u00fc\u015fterimizin ihtiya\u00e7lar\u0131n\u0131 anlamak ve en iyi \u00e7\u00f6z\u00fcmleri sunmak i\u00e7in \u00e7al\u0131\u015f\u0131yoruz.<\/p>\n<\/div>\n\n\n\n<p><\/p>\n\n\n<\/div>\n<\/div>\n<\/div>\n<\/div>\n<\/div>\n<\/div>\n<\/div>\n<\/div>\n<\/div>\n<\/div>","protected":false},"excerpt":{"rendered":"<p>Hakk\u0131m\u0131zda Biz kimiz? Samas End\u00fcstriyel \u00dcr\u00fcnler \u0130\u00e7 ve D\u0131\u015f Ticaret Anonim \u015eirketi 1950&#8217;lerin ortalar\u0131nda kurulmu\u015f olan Ankara&#8217;n\u0131n sayg\u0131n mobilya imalat\u00e7\u0131lar\u0131ndan olan Bulut Mobilya&#8217;n\u0131n ve 1973 y\u0131l\u0131nda kurulmu\u015f yine uzun bir d\u00f6nem Ankara&#8217;da marangoz i\u015fkencesi imalat\u0131 yapm\u0131\u015f olan Bulut \u0130\u015fkence&#8217;nin yurt d\u0131\u015f\u0131 ticaretlerini y\u00fcr\u00fcterek yolculu\u011funa ba\u015flam\u0131\u015ft\u0131r. Kazan\u0131mlar\u0131m\u0131zdan ve deneyimimizden dolay\u0131 \u00e7evremizden gelen talepler \u00fczerine 2020 y\u0131l\u0131nda [&hellip;]<\/p>\n","protected":false},"author":1,"featured_media":0,"parent":0,"menu_order":1,"comment_status":"closed","ping_status":"closed","template":"page-templates\/full-width-page.php","meta":{"footnotes":""},"class_list":["post-95","page","type-page","status-publish","hentry"],"_links":{"self":[{"href":"https:\/\/samasinc.com\/tr\/wp-json\/wp\/v2\/pages\/95","targetHints":{"allow":["GET"]}}],"collection":[{"href":"https:\/\/samasinc.com\/tr\/wp-json\/wp\/v2\/pages"}],"about":[{"href":"https:\/\/samasinc.com\/tr\/wp-json\/wp\/v2\/types\/page"}],"author":[{"embeddable":true,"href":"https:\/\/samasinc.com\/tr\/wp-json\/wp\/v2\/users\/1"}],"replies":[{"embeddable":true,"href":"https:\/\/samasinc.com\/tr\/wp-json\/wp\/v2\/comments?post=95"}],"version-history":[{"count":8,"href":"https:\/\/samasinc.com\/tr\/wp-json\/wp\/v2\/pages\/95\/revisions"}],"predecessor-version":[{"id":3541,"href":"https:\/\/samasinc.com\/tr\/wp-json\/wp\/v2\/pages\/95\/revisions\/3541"}],"wp:attachment":[{"href":"https:\/\/samasinc.com\/tr\/wp-json\/wp\/v2\/media?parent=95"}],"curies":[{"name":"wp","href":"https:\/\/api.w.org\/{rel}","templated":true}]}}